{"id":96666,"date":"2023-03-16T14:29:03","date_gmt":"2023-03-16T11:29:03","guid":{"rendered":"https:\/\/bilgem.tubitak.gov.tr\/?page_id=96666"},"modified":"2023-11-07T09:06:39","modified_gmt":"2023-11-07T06:06:39","slug":"iltaren-news","status":"publish","type":"page","link":"https:\/\/en.bilgem.tubitak.gov.tr\/en\/iltaren-haberler\/","title":{"rendered":"\u0130LTAREN News"},"content":{"rendered":"<div data-elementor-type=\"wp-page\" data-elementor-id=\"96666\" class=\"elementor elementor-96666\" data-elementor-post-type=\"page\">\n\t\t\t\t\t\t<section class=\"elementor-section elementor-top-section elementor-element elementor-element-eda9b06 elementor-section-height-min-height tbw-hero elementor-section-boxed elementor-section-height-default elementor-section-items-middle\" data-id=\"eda9b06\" data-element_type=\"section\" data-e-type=\"section\" data-settings=\"{&quot;background_background&quot;:&quot;classic&quot;}\">\n\t\t\t\t\t\t\t<div class=\"elementor-background-overlay\"><\/div>\n\t\t\t\t\t\t\t<div class=\"elementor-container elementor-column-gap-default\">\n\t\t\t\t\t<div class=\"elementor-column elementor-col-100 elementor-top-column elementor-element elementor-element-2461de5\" data-id=\"2461de5\" data-element_type=\"column\" data-e-type=\"column\">\n\t\t\t<div class=\"elementor-widget-wrap elementor-element-populated\">\n\t\t\t\t\t\t<div class=\"elementor-element elementor-element-2ba5cfc elementor-widget elementor-widget-text-editor\" data-id=\"2ba5cfc\" data-element_type=\"widget\" data-e-type=\"widget\" data-widget_type=\"text-editor.default\">\n\t\t\t\t<div class=\"elementor-widget-container\">\n\t\t\t\t\t\t\t\t\t<a href=\"\/en\/\">Home<\/a>\u00a0 \u00a0\/\u00a0 \u00a0<a href=\"\/en\/iltaren\/\">\u0130LTAREN\u00a0<\/a> \u00a0\/\u00a0 \u00a0<a href=\"\/en\/iltaren-news\/\">\u0130LTAREN News<\/a>\t\t\t\t\t\t\t\t<\/div>\n\t\t\t\t<\/div>\n\t\t\t\t<div class=\"elementor-element elementor-element-9b3f3c6 animated-slow elementor-invisible elementor-widget elementor-widget-heading\" data-id=\"9b3f3c6\" data-element_type=\"widget\" data-e-type=\"widget\" data-settings=\"{&quot;_animation&quot;:&quot;fadeInUp&quot;}\" data-widget_type=\"heading.default\">\n\t\t\t\t<div class=\"elementor-widget-container\">\n\t\t\t\t\t<h2 class=\"elementor-heading-title elementor-size-default\">Advanced Technologies Research Institute News<\/h2>\t\t\t\t<\/div>\n\t\t\t\t<\/div>\n\t\t\t\t\t<\/div>\n\t\t<\/div>\n\t\t\t\t\t<\/div>\n\t\t<\/section>\n\t\t\t\t<section class=\"elementor-section elementor-top-section elementor-element elementor-element-c1de044 elementor-section-boxed elementor-section-height-default elementor-section-height-default\" data-id=\"c1de044\" data-element_type=\"section\" data-e-type=\"section\">\n\t\t\t\t\t\t<div class=\"elementor-container elementor-column-gap-default\">\n\t\t\t\t\t<div class=\"elementor-column elementor-col-14 elementor-top-column elementor-element elementor-element-9000500\" data-id=\"9000500\" data-element_type=\"column\" data-e-type=\"column\">\n\t\t\t<div class=\"elementor-widget-wrap elementor-element-populated\">\n\t\t\t\t\t\t<div class=\"elementor-element elementor-element-0f105eb elementor-align-justify elementor-mobile-align-center elementor-widget__width-inherit elementor-widget-mobile__width-inherit elementor-tablet-align-center elementor-widget-tablet__width-inherit elementor-widget elementor-widget-button\" data-id=\"0f105eb\" data-element_type=\"widget\" data-e-type=\"widget\" data-widget_type=\"button.default\">\n\t\t\t\t<div class=\"elementor-widget-container\">\n\t\t\t\t\t\t\t\t\t<div class=\"elementor-button-wrapper\">\n\t\t\t\t\t<a class=\"elementor-button elementor-button-link elementor-size-sm\" href=\"https:\/\/en.bilgem.tubitak.gov.tr\/en\/tum-haberler\/\">\n\t\t\t\t\t\t<span class=\"elementor-button-content-wrapper\">\n\t\t\t\t\t\t\t\t\t<span class=\"elementor-button-text\">All News<\/span>\n\t\t\t\t\t<\/span>\n\t\t\t\t\t<\/a>\n\t\t\t\t<\/div>\n\t\t\t\t\t\t\t\t<\/div>\n\t\t\t\t<\/div>\n\t\t\t\t\t<\/div>\n\t\t<\/div>\n\t\t\t\t<div class=\"elementor-column elementor-col-14 elementor-top-column elementor-element elementor-element-216e637\" data-id=\"216e637\" data-element_type=\"column\" data-e-type=\"column\">\n\t\t\t<div class=\"elementor-widget-wrap elementor-element-populated\">\n\t\t\t\t\t\t<div class=\"elementor-element elementor-element-99a7db6 elementor-align-justify elementor-mobile-align-center elementor-widget__width-inherit elementor-widget-mobile__width-inherit elementor-tablet-align-center elementor-widget-tablet__width-inherit elementor-widget elementor-widget-button\" data-id=\"99a7db6\" data-element_type=\"widget\" data-e-type=\"widget\" data-widget_type=\"button.default\">\n\t\t\t\t<div class=\"elementor-widget-container\">\n\t\t\t\t\t\t\t\t\t<div class=\"elementor-button-wrapper\">\n\t\t\t\t\t<a class=\"elementor-button elementor-button-link elementor-size-sm\" href=\"https:\/\/en.bilgem.tubitak.gov.tr\/en\/uekae-haberler\/\">\n\t\t\t\t\t\t<span class=\"elementor-button-content-wrapper\">\n\t\t\t\t\t\t\t\t\t<span class=\"elementor-button-text\">UEKAE<\/span>\n\t\t\t\t\t<\/span>\n\t\t\t\t\t<\/a>\n\t\t\t\t<\/div>\n\t\t\t\t\t\t\t\t<\/div>\n\t\t\t\t<\/div>\n\t\t\t\t\t<\/div>\n\t\t<\/div>\n\t\t\t\t<div class=\"elementor-column elementor-col-14 elementor-top-column elementor-element elementor-element-f720189\" data-id=\"f720189\" data-element_type=\"column\" data-e-type=\"column\">\n\t\t\t<div class=\"elementor-widget-wrap elementor-element-populated\">\n\t\t\t\t\t\t<div class=\"elementor-element elementor-element-c1d5d95 elementor-align-justify elementor-mobile-align-center elementor-widget__width-inherit elementor-widget-mobile__width-inherit elementor-tablet-align-center elementor-widget-tablet__width-inherit elementor-widget elementor-widget-button\" data-id=\"c1d5d95\" data-element_type=\"widget\" data-e-type=\"widget\" data-widget_type=\"button.default\">\n\t\t\t\t<div class=\"elementor-widget-container\">\n\t\t\t\t\t\t\t\t\t<div class=\"elementor-button-wrapper\">\n\t\t\t\t\t<a class=\"elementor-button elementor-button-link elementor-size-sm\" href=\"https:\/\/en.bilgem.tubitak.gov.tr\/en\/bte-haberler\/\">\n\t\t\t\t\t\t<span class=\"elementor-button-content-wrapper\">\n\t\t\t\t\t\t\t\t\t<span class=\"elementor-button-text\">BTE<\/span>\n\t\t\t\t\t<\/span>\n\t\t\t\t\t<\/a>\n\t\t\t\t<\/div>\n\t\t\t\t\t\t\t\t<\/div>\n\t\t\t\t<\/div>\n\t\t\t\t\t<\/div>\n\t\t<\/div>\n\t\t\t\t<div class=\"elementor-column elementor-col-14 elementor-top-column elementor-element elementor-element-1462924\" data-id=\"1462924\" data-element_type=\"column\" data-e-type=\"column\">\n\t\t\t<div class=\"elementor-widget-wrap elementor-element-populated\">\n\t\t\t\t\t\t<div class=\"elementor-element elementor-element-3c2ea7d elementor-align-justify elementor-mobile-align-center elementor-widget__width-inherit elementor-widget-mobile__width-inherit elementor-tablet-align-center elementor-widget-tablet__width-inherit elementor-widget elementor-widget-button\" data-id=\"3c2ea7d\" data-element_type=\"widget\" data-e-type=\"widget\" data-widget_type=\"button.default\">\n\t\t\t\t<div class=\"elementor-widget-container\">\n\t\t\t\t\t\t\t\t\t<div class=\"elementor-button-wrapper\">\n\t\t\t\t\t<a class=\"elementor-button elementor-button-link elementor-size-sm\" href=\"https:\/\/en.bilgem.tubitak.gov.tr\/en\/iltaren-haberler\/\">\n\t\t\t\t\t\t<span class=\"elementor-button-content-wrapper\">\n\t\t\t\t\t\t\t\t\t<span class=\"elementor-button-text\">\u0130LTAREN<\/span>\n\t\t\t\t\t<\/span>\n\t\t\t\t\t<\/a>\n\t\t\t\t<\/div>\n\t\t\t\t\t\t\t\t<\/div>\n\t\t\t\t<\/div>\n\t\t\t\t\t<\/div>\n\t\t<\/div>\n\t\t\t\t<div class=\"elementor-column elementor-col-14 elementor-top-column elementor-element elementor-element-0659545\" data-id=\"0659545\" data-element_type=\"column\" data-e-type=\"column\">\n\t\t\t<div class=\"elementor-widget-wrap elementor-element-populated\">\n\t\t\t\t\t\t<div class=\"elementor-element elementor-element-709ada9 elementor-align-justify elementor-mobile-align-center elementor-widget__width-inherit elementor-widget-mobile__width-inherit elementor-tablet-align-center elementor-widget-tablet__width-inherit elementor-widget elementor-widget-button\" data-id=\"709ada9\" data-element_type=\"widget\" data-e-type=\"widget\" data-widget_type=\"button.default\">\n\t\t\t\t<div class=\"elementor-widget-container\">\n\t\t\t\t\t\t\t\t\t<div class=\"elementor-button-wrapper\">\n\t\t\t\t\t<a class=\"elementor-button elementor-button-link elementor-size-sm\" href=\"https:\/\/en.bilgem.tubitak.gov.tr\/en\/sge-haberler\/\">\n\t\t\t\t\t\t<span class=\"elementor-button-content-wrapper\">\n\t\t\t\t\t\t\t\t\t<span class=\"elementor-button-text\">SGE<\/span>\n\t\t\t\t\t<\/span>\n\t\t\t\t\t<\/a>\n\t\t\t\t<\/div>\n\t\t\t\t\t\t\t\t<\/div>\n\t\t\t\t<\/div>\n\t\t\t\t\t<\/div>\n\t\t<\/div>\n\t\t\t\t<div class=\"elementor-column elementor-col-14 elementor-top-column elementor-element elementor-element-65c2c22\" data-id=\"65c2c22\" data-element_type=\"column\" data-e-type=\"column\">\n\t\t\t<div class=\"elementor-widget-wrap elementor-element-populated\">\n\t\t\t\t\t\t<div class=\"elementor-element elementor-element-3918485 elementor-align-justify elementor-mobile-align-center elementor-widget__width-inherit elementor-widget-mobile__width-inherit elementor-tablet-align-center elementor-widget-tablet__width-inherit elementor-widget elementor-widget-button\" data-id=\"3918485\" data-element_type=\"widget\" data-e-type=\"widget\" data-widget_type=\"button.default\">\n\t\t\t\t<div class=\"elementor-widget-container\">\n\t\t\t\t\t\t\t\t\t<div class=\"elementor-button-wrapper\">\n\t\t\t\t\t<a class=\"elementor-button elementor-button-link elementor-size-sm\" href=\"https:\/\/en.bilgem.tubitak.gov.tr\/en\/yte-haberler\/\">\n\t\t\t\t\t\t<span class=\"elementor-button-content-wrapper\">\n\t\t\t\t\t\t\t\t\t<span class=\"elementor-button-text\">YTE<\/span>\n\t\t\t\t\t<\/span>\n\t\t\t\t\t<\/a>\n\t\t\t\t<\/div>\n\t\t\t\t\t\t\t\t<\/div>\n\t\t\t\t<\/div>\n\t\t\t\t\t<\/div>\n\t\t<\/div>\n\t\t\t\t<div class=\"elementor-column elementor-col-14 elementor-top-column elementor-element elementor-element-834687b\" data-id=\"834687b\" data-element_type=\"column\" data-e-type=\"column\">\n\t\t\t<div class=\"elementor-widget-wrap elementor-element-populated\">\n\t\t\t\t\t\t<div class=\"elementor-element elementor-element-4ffe01e elementor-align-justify elementor-mobile-align-center elementor-widget__width-inherit elementor-widget-mobile__width-inherit elementor-tablet-align-center elementor-widget-tablet__width-inherit elementor-widget elementor-widget-button\" data-id=\"4ffe01e\" data-element_type=\"widget\" data-e-type=\"widget\" data-widget_type=\"button.default\">\n\t\t\t\t<div class=\"elementor-widget-container\">\n\t\t\t\t\t\t\t\t\t<div class=\"elementor-button-wrapper\">\n\t\t\t\t\t<a class=\"elementor-button elementor-button-link elementor-size-sm\" href=\"https:\/\/en.bilgem.tubitak.gov.tr\/en\/yze-haberler\/\">\n\t\t\t\t\t\t<span class=\"elementor-button-content-wrapper\">\n\t\t\t\t\t\t\t\t\t<span class=\"elementor-button-text\">YZE<\/span>\n\t\t\t\t\t<\/span>\n\t\t\t\t\t<\/a>\n\t\t\t\t<\/div>\n\t\t\t\t\t\t\t\t<\/div>\n\t\t\t\t<\/div>\n\t\t\t\t\t<\/div>\n\t\t<\/div>\n\t\t\t\t\t<\/div>\n\t\t<\/section>\n\t\t\t\t<section class=\"elementor-section elementor-top-section elementor-element elementor-element-af65e9c elementor-section-boxed elementor-section-height-default elementor-section-height-default\" data-id=\"af65e9c\" data-element_type=\"section\" data-e-type=\"section\" data-settings=\"{&quot;background_background&quot;:&quot;classic&quot;}\">\n\t\t\t\t\t\t<div class=\"elementor-container elementor-column-gap-default\">\n\t\t\t\t\t<div class=\"elementor-column elementor-col-100 elementor-top-column elementor-element elementor-element-50c322b\" data-id=\"50c322b\" data-element_type=\"column\" data-e-type=\"column\">\n\t\t\t<div class=\"elementor-widget-wrap elementor-element-populated\">\n\t\t\t\t\t\t<div class=\"elementor-element elementor-element-34bd499 uael-post__content-align-left elementor-widget elementor-widget-uael-posts\" data-id=\"34bd499\" data-element_type=\"widget\" data-e-type=\"widget\" data-settings=\"{&quot;business_slides_to_show&quot;:3,&quot;business_slides_to_show_tablet&quot;:2,&quot;business_slides_to_show_mobile&quot;:1}\" data-widget_type=\"uael-posts.business\">\n\t\t\t\t<div class=\"elementor-widget-container\">\n\t\t\t\t\t\t\t<div class=\"uael-post__header\">\n\t\t\t\t\t<\/div>\n\t\t<div class=\"uael-post__body\">\n\t\t\t\n\t\t\n\t\t<div class=\"uael-blog-terms-position- uael-post-image-top uael-post-grid uael-posts\" data-query-type=\"custom\" data-structure=\"normal\" data-layout=\"\" data-page=\"96666\" data-skin=\"business\" data-filter-default=\"\" data-offset-top=\"30\" >\n\n\t\t\t\t\t\t\t<div class=\"uael-post-grid__inner uael-post__columns-3 uael-post__columns-tablet-2 uael-post__columns-mobile-1\">\n\t\t\t\n<div class=\"uael-post-wrapper   haberler\">\n\t<div class=\"uael-post__bg-wrap\">\n\n\t\t\t\t\n\t\t<div class=\"uael-post__inner-wrap\">\n\n\t\t\t\t<div class=\"uael-post__thumbnail\">\n\t\t\t\n\t\t\t<a href=\"https:\/\/en.bilgem.tubitak.gov.tr\/en\/tubitak-bilgem-projeleri-anadolu-kartali-tatbikatinda\/\" target=\"_self\" title=\"T\u00dcB\u0130TAK B\u0130LGEM Projects at the Anatolian Eagle Exercise\"><img fetchpriority=\"high\" decoding=\"async\" width=\"1920\" height=\"1080\" src=\"https:\/\/en.bilgem.tubitak.gov.tr\/wp-content\/uploads\/sites\/8\/Yeni-Proje-3.jpg\" class=\"attachment-full size-full wp-image-114440\" alt=\"Anatolian Eagle Exercise\" srcset=\"https:\/\/en.bilgem.tubitak.gov.tr\/wp-content\/uploads\/sites\/8\/Yeni-Proje-3.jpg 1920w, https:\/\/en.bilgem.tubitak.gov.tr\/wp-content\/uploads\/sites\/8\/Yeni-Proje-3-300x169.jpg 300w, https:\/\/en.bilgem.tubitak.gov.tr\/wp-content\/uploads\/sites\/8\/Yeni-Proje-3-1024x576.jpg 1024w, https:\/\/en.bilgem.tubitak.gov.tr\/wp-content\/uploads\/sites\/8\/Yeni-Proje-3-768x432.jpg 768w, https:\/\/en.bilgem.tubitak.gov.tr\/wp-content\/uploads\/sites\/8\/Yeni-Proje-3-1536x864.jpg 1536w, https:\/\/en.bilgem.tubitak.gov.tr\/wp-content\/uploads\/sites\/8\/Yeni-Proje-3-18x10.jpg 18w\" sizes=\"(max-width: 1920px) 100vw, 1920px\" \/><\/a>\n\t\t\t\t\t<\/div>\n\t\t\n\t\t\t\n\t\t\t<div class=\"uael-post__content-wrap\">\n\t\t\t\t\t\t<h3 class=\"uael-post__title\">\n\n\t\t\t\t\tT\u00dcB\u0130TAK B\u0130LGEM Projects at the Anatolian Eagle Exercise\t\t\t\t<\/h3>\n\t\t\t\t\t<div class=\"uael-post__meta-data\">\n\t\t\t\t\t<span class=\"uael-post__date\">\n\t\t\t\t\t\t\t\t\t\t\t\t\t<i aria-hidden=\"true\" class=\"fa fa-calendar\"><\/i>\t\t\t\t\t\t\t\t\t\n\t\t\t11\/05\/2023\t\t<\/span>\n\t\t<span class=\"uael-post__terms-meta uael-post__terms-meta-tag\"><i aria-hidden=\"true\" class=\"fas fa-tags\"><\/i> <span class=\"uael-listing__terms-link\">\u0130LTAREN<\/span><\/span>\t\t<\/div>\n\t\t<div class=\"uael-post__separator-wrap\"><div class=\"uael-post__separator uael-post__gradient-separator\"><\/div><\/div>\t\t\t<a class=\"uael-post__read-more elementor-button\" href=\"https:\/\/en.bilgem.tubitak.gov.tr\/en\/tubitak-bilgem-projeleri-anadolu-kartali-tatbikatinda\/\" target=\"_self\" aria-labelledby=\"uael-post-114378\">\n\t\t\t\t\t<span class=\"elementor-button-content-wrapper\">\n\t\t\t\t\t\t\t\t\t\t\t\t\t\t<span class=\"elementor-button-icon elementor-align-icon-left\">\n\n\t\t\t\t\t\t\t\t\t\n\t\t\t\t\t\t\t\t<\/span>\n\t\t\t\t\t\t\t\t\t\t\t\t\t\n\t\t\t\t\t\t<span class=\"elementor-button-text\" id=\"uael-post-114378\">Read more&gt;&gt;<\/span>\n\t\t\t\t\t<\/span>\n\t\t\t\t<\/a>\n\t\t\t\t\t\t<\/div>\n\t\t\t\n\t\t<\/div>\n\t\t\n\t<\/div>\n\n<\/div>\n\t\t\t\t<\/div>\n\t\t\t\t\t\t\n\t\t<\/div>\n\n\t\t\t\t\t\t<\/div>\n\t\t<div class=\"uael-post__footer\">\n\t\t\t\t\t<\/div>\n\t\t\t\t\t\t<\/div>\n\t\t\t\t<\/div>\n\t\t\t\t\t<\/div>\n\t\t<\/div>\n\t\t\t\t\t<\/div>\n\t\t<\/section>\n\t\t\t\t<\/div>","protected":false},"excerpt":{"rendered":"<p>Ana Sayfa\u00a0 \u00a0\/\u00a0 \u00a0\u0130LTAREN\u00a0 \u00a0\/\u00a0 \u00a0\u0130LTAREN Haberler \u0130leri Teknolojiler Ara\u015ft\u0131rma Enstit\u00fcs\u00fc Haberleri T\u00fcm Haberler UEKAE BTE \u0130LTAREN SGE YTE YZE [&hellip;]<\/p>\n","protected":false},"author":8,"featured_media":0,"parent":0,"menu_order":0,"comment_status":"closed","ping_status":"open","template":"elementor_header_footer","meta":{"_acf_changed":false,"site-sidebar-layout":"no-sidebar","site-content-layout":"page-builder","ast-site-content-layout":"default","site-content-style":"default","site-sidebar-style":"default","ast-global-header-display":"","ast-banner-title-visibility":"","ast-main-header-display":"","ast-hfb-above-header-display":"","ast-hfb-below-header-display":"","ast-hfb-mobile-header-display":"","site-post-title":"disabled","ast-breadcrumbs-content":"","ast-featured-img":"disabled","footer-sml-layout":"","ast-disable-related-posts":"","theme-transparent-header-meta":"default","adv-header-id-meta":"","stick-header-meta":"default","header-above-stick-meta":"","header-main-stick-meta":"","header-below-stick-meta":"","astra-migrate-meta-layouts":"default","ast-page-background-enabled":"default","ast-page-background-meta":{"desktop":{"background-color":"var(--ast-global-color-4)","background-image":"","background-repeat":"repeat","background-position":"center center","background-size":"auto","background-attachment":"scroll","background-type":"","background-media":"","overlay-type":"","overlay-color":"","overlay-opacity":"","overlay-gradient":""},"tablet":{"background-color":"","background-image":"","background-repeat":"repeat","background-position":"center center","background-size":"auto","background-attachment":"scroll","background-type":"","background-media":"","overlay-type":"","overlay-color":"","overlay-opacity":"","overlay-gradient":""},"mobile":{"background-color":"","background-image":"","background-repeat":"repeat","background-position":"center center","background-size":"auto","background-attachment":"scroll","background-type":"","background-media":"","overlay-type":"","overlay-color":"","overlay-opacity":"","overlay-gradient":""}},"ast-content-background-meta":{"desktop":{"background-color":"var(--ast-global-color-5)","background-image":"","background-repeat":"repeat","background-position":"center center","background-size":"auto","background-attachment":"scroll","background-type":"","background-media":"","overlay-type":"","overlay-color":"","overlay-opacity":"","overlay-gradient":""},"tablet":{"background-color":"var(--ast-global-color-5)","background-image":"","background-repeat":"repeat","background-position":"center center","background-size":"auto","background-attachment":"scroll","background-type":"","background-media":"","overlay-type":"","overlay-color":"","overlay-opacity":"","overlay-gradient":""},"mobile":{"background-color":"var(--ast-global-color-5)","background-image":"","background-repeat":"repeat","background-position":"center center","background-size":"auto","background-attachment":"scroll","background-type":"","background-media":"","overlay-type":"","overlay-color":"","overlay-opacity":"","overlay-gradient":""}},"footnotes":""},"class_list":["post-96666","page","type-page","status-publish","hentry"],"acf":[],"_links":{"self":[{"href":"https:\/\/en.bilgem.tubitak.gov.tr\/en\/wp-json\/wp\/v2\/pages\/96666","targetHints":{"allow":["GET"]}}],"collection":[{"href":"https:\/\/en.bilgem.tubitak.gov.tr\/en\/wp-json\/wp\/v2\/pages"}],"about":[{"href":"https:\/\/en.bilgem.tubitak.gov.tr\/en\/wp-json\/wp\/v2\/types\/page"}],"author":[{"embeddable":true,"href":"https:\/\/en.bilgem.tubitak.gov.tr\/en\/wp-json\/wp\/v2\/users\/8"}],"replies":[{"embeddable":true,"href":"https:\/\/en.bilgem.tubitak.gov.tr\/en\/wp-json\/wp\/v2\/comments?post=96666"}],"version-history":[{"count":7,"href":"https:\/\/en.bilgem.tubitak.gov.tr\/en\/wp-json\/wp\/v2\/pages\/96666\/revisions"}],"predecessor-version":[{"id":124603,"href":"https:\/\/en.bilgem.tubitak.gov.tr\/en\/wp-json\/wp\/v2\/pages\/96666\/revisions\/124603"}],"wp:attachment":[{"href":"https:\/\/en.bilgem.tubitak.gov.tr\/en\/wp-json\/wp\/v2\/media?parent=96666"}],"curies":[{"name":"wp","href":"https:\/\/api.w.org\/{rel}","templated":true}]}}