{"id":88578,"date":"2023-03-09T09:17:59","date_gmt":"2023-03-09T06:17:59","guid":{"rendered":"https:\/\/bilgem.tubitak.gov.tr\/?page_id=88578"},"modified":"2023-07-03T11:18:09","modified_gmt":"2023-07-03T08:18:09","slug":"yze-co-development-labs","status":"publish","type":"page","link":"https:\/\/en.bilgem.tubitak.gov.tr\/en\/yze-birlikte-gelistirme-laboratuvarlari\/","title":{"rendered":"YZE Co-development Labs"},"content":{"rendered":"<div data-elementor-type=\"wp-page\" data-elementor-id=\"88578\" class=\"elementor elementor-88578\" data-elementor-post-type=\"page\">\n\t\t\t\t\t\t<section class=\"elementor-section elementor-top-section elementor-element elementor-element-2d79448 elementor-section-full_width elementor-section-height-min-height tbw-hero elementor-section-height-default elementor-section-items-middle\" data-id=\"2d79448\" data-element_type=\"section\" data-e-type=\"section\" data-settings=\"{&quot;background_background&quot;:&quot;classic&quot;}\">\n\t\t\t\t\t\t\t<div class=\"elementor-background-overlay\"><\/div>\n\t\t\t\t\t\t\t<div class=\"elementor-container elementor-column-gap-default\">\n\t\t\t\t\t<div class=\"elementor-column elementor-col-100 elementor-top-column elementor-element elementor-element-b20e86e\" data-id=\"b20e86e\" data-element_type=\"column\" data-e-type=\"column\">\n\t\t\t<div class=\"elementor-widget-wrap elementor-element-populated\">\n\t\t\t\t\t\t<section class=\"elementor-section elementor-inner-section elementor-element elementor-element-3323655 elementor-section-boxed elementor-section-height-default elementor-section-height-default\" data-id=\"3323655\" data-element_type=\"section\" data-e-type=\"section\">\n\t\t\t\t\t\t<div class=\"elementor-container elementor-column-gap-default\">\n\t\t\t\t\t<div class=\"elementor-column elementor-col-50 elementor-inner-column elementor-element elementor-element-86a73a0\" data-id=\"86a73a0\" data-element_type=\"column\" data-e-type=\"column\">\n\t\t\t<div class=\"elementor-widget-wrap elementor-element-populated\">\n\t\t\t\t\t\t<div class=\"elementor-element elementor-element-8c457e7 elementor-widget elementor-widget-text-editor\" data-id=\"8c457e7\" data-element_type=\"widget\" data-e-type=\"widget\" data-widget_type=\"text-editor.default\">\n\t\t\t\t<div class=\"elementor-widget-container\">\n\t\t\t\t\t\t\t\t\t<a href=\"\/en\/yze\/\">YZE Home<\/a>\u00a0 \u00a0\/ Ecosystem \/\u00a0 <a href=\"\/en\/yze-co-development-labs\/\">\u00a0Co-Development Labs<\/a>\t\t\t\t\t\t\t\t<\/div>\n\t\t\t\t<\/div>\n\t\t\t\t<div class=\"elementor-element elementor-element-d9b207a uael-heading-align-left animated-slow elementor-invisible elementor-widget elementor-widget-uael-advanced-heading\" data-id=\"d9b207a\" data-element_type=\"widget\" data-e-type=\"widget\" data-settings=\"{&quot;_animation&quot;:&quot;fadeInUp&quot;}\" data-widget_type=\"uael-advanced-heading.default\">\n\t\t\t\t<div class=\"elementor-widget-container\">\n\t\t\t\t\t\n\t\t<div class=\"uael-module-content uael-heading-wrapper\">\n\t\t\t\t\t\t<div class=\"uael-module-content uael-separator-parent\">\n\t\t\t\t\t\t\t\t<div class=\"uael-separator-wrap\">\n\t\t\t\t\t<div class=\"uael-separator-line uael-side-left\">\n\t\t\t\t\t\t<span><\/span>\n\t\t\t\t\t<\/div>\n\t\t\t\t\t<div class=\"uael-divider-content\">\n\t\t\t\t\t\t\t\t\t\t\t\t<h3 class=\"uael-divider-text elementor-inline-editing\" data-elementor-setting-key=\"heading_line_text\" data-elementor-inline-editing-toolbar=\"basic\">YZE<\/h3>\n\t\t\t\t\t<\/div>\n\t\t\t\t\t<div class=\"uael-separator-line uael-side-right\">\n\t\t\t\t\t\t<span><\/span>\n\t\t\t\t\t<\/div>\n\t\t\t\t<\/div>\n\t\t\t\t\t\t\t\t\t\t<\/div>\n\t\t\t\t\t\t\n\t\t\t<h1 class=\"uael-heading\">\n\t\t\t\t\t\t\t\t\t\t<span class=\"uael-heading-text elementor-inline-editing uael-size--default\" data-elementor-setting-key=\"heading_title\" data-elementor-inline-editing-toolbar=\"basic\">Co-Development Labs<\/span>\n\t\t\t\t\t\t\t<\/h1>\n\n\t\t\t\n\t\t\t\n\t\t\t\n\t\t\t\t\t\t<\/div>\n\t\t\t\t\t\t<\/div>\n\t\t\t\t<\/div>\n\t\t\t\t\t<\/div>\n\t\t<\/div>\n\t\t\t\t<div class=\"elementor-column elementor-col-50 elementor-inner-column elementor-element elementor-element-18c9e89 elementor-hidden-tablet elementor-hidden-mobile\" data-id=\"18c9e89\" data-element_type=\"column\" data-e-type=\"column\">\n\t\t\t<div class=\"elementor-widget-wrap\">\n\t\t\t\t\t\t\t<\/div>\n\t\t<\/div>\n\t\t\t\t\t<\/div>\n\t\t<\/section>\n\t\t\t\t\t<\/div>\n\t\t<\/div>\n\t\t\t\t\t<\/div>\n\t\t<\/section>\n\t\t\t\t<section class=\"elementor-section elementor-top-section elementor-element elementor-element-40a46d6 elementor-section-boxed elementor-section-height-default elementor-section-height-default\" data-id=\"40a46d6\" data-element_type=\"section\" data-e-type=\"section\">\n\t\t\t\t\t\t<div class=\"elementor-container elementor-column-gap-default\">\n\t\t\t\t\t<div class=\"elementor-column elementor-col-100 elementor-top-column elementor-element elementor-element-32d6953\" data-id=\"32d6953\" data-element_type=\"column\" data-e-type=\"column\">\n\t\t\t<div class=\"elementor-widget-wrap elementor-element-populated\">\n\t\t\t\t\t\t<div class=\"elementor-element elementor-element-76831a0 uael-mobile-dual-heading-align-center uael-dual-heading-align-center elementor-widget elementor-widget-uael-dual-color-heading\" data-id=\"76831a0\" data-element_type=\"widget\" data-e-type=\"widget\" data-widget_type=\"uael-dual-color-heading.default\">\n\t\t\t\t<div class=\"elementor-widget-container\">\n\t\t\t\t\t\t\t\t\t<div class=\"uael-module-content uael-dual-color-heading uael-dual-heading-fill-yes uael-stack-desktop-yes uael-heading-stack-\">\n\t\t\t<h1>\n\t\t\t\t\t\t\t\t\t\t\t\t\t\t\t\t<span class=\"uael-before-heading\"><span class=\"elementor-inline-editing uael-dual-heading-text uael-first-text\" data-elementor-setting-key=\"before_heading_text\" data-elementor-inline-editing-toolbar=\"basic\">Co-Development Labs<\/span><\/span><span class=\"uael-adv-heading-stack\"><span class=\"uael-dual-heading-fill-yes elementor-inline-editing uael-dual-heading-text uael-highlight-text\" data-elementor-setting-key=\"second_heading_text\" data-elementor-inline-editing-toolbar=\"basic\">Public Institutions Partners<\/span><\/span>\t\t\t\t\t\t\t\t\t\t\t\t\t<\/h1>\n\t\t<\/div>\n\t\t\t\t\t\t<\/div>\n\t\t\t\t<\/div>\n\t\t\t\t<div class=\"elementor-element elementor-element-b99c15f elementor-widget elementor-widget-image\" data-id=\"b99c15f\" data-element_type=\"widget\" data-e-type=\"widget\" data-widget_type=\"image.default\">\n\t\t\t\t<div class=\"elementor-widget-container\">\n\t\t\t\t\t\t\t\t\t\t\t\t\t\t\t<img fetchpriority=\"high\" decoding=\"async\" width=\"773\" height=\"828\" src=\"https:\/\/en.bilgem.tubitak.gov.tr\/wp-content\/uploads\/sites\/8\/kamu-kurum-ortaklari-img-grafik.png\" class=\"attachment-full size-full wp-image-88584\" alt=\"public-corporate-partners-img-graph\" srcset=\"https:\/\/en.bilgem.tubitak.gov.tr\/wp-content\/uploads\/sites\/8\/kamu-kurum-ortaklari-img-grafik.png 773w, https:\/\/en.bilgem.tubitak.gov.tr\/wp-content\/uploads\/sites\/8\/kamu-kurum-ortaklari-img-grafik-280x300.png 280w, https:\/\/en.bilgem.tubitak.gov.tr\/wp-content\/uploads\/sites\/8\/kamu-kurum-ortaklari-img-grafik-768x823.png 768w, https:\/\/en.bilgem.tubitak.gov.tr\/wp-content\/uploads\/sites\/8\/kamu-kurum-ortaklari-img-grafik-11x12.png 11w\" sizes=\"(max-width: 773px) 100vw, 773px\" \/>\t\t\t\t\t\t\t\t\t\t\t\t\t\t\t<\/div>\n\t\t\t\t<\/div>\n\t\t\t\t\t<\/div>\n\t\t<\/div>\n\t\t\t\t\t<\/div>\n\t\t<\/section>\n\t\t\t\t<section class=\"elementor-section elementor-top-section elementor-element elementor-element-0b3d151 elementor-section-boxed elementor-section-height-default elementor-section-height-default\" data-id=\"0b3d151\" data-element_type=\"section\" data-e-type=\"section\">\n\t\t\t\t\t\t<div class=\"elementor-container elementor-column-gap-default\">\n\t\t\t\t\t<div class=\"elementor-column elementor-col-100 elementor-top-column elementor-element elementor-element-3c908da\" data-id=\"3c908da\" data-element_type=\"column\" data-e-type=\"column\">\n\t\t\t<div class=\"elementor-widget-wrap elementor-element-populated\">\n\t\t\t\t\t\t<div class=\"elementor-element elementor-element-6ae088b uael-mobile-dual-heading-align-center uael-dual-heading-align-center elementor-widget elementor-widget-uael-dual-color-heading\" data-id=\"6ae088b\" data-element_type=\"widget\" data-e-type=\"widget\" data-widget_type=\"uael-dual-color-heading.default\">\n\t\t\t\t<div class=\"elementor-widget-container\">\n\t\t\t\t\t\t\t\t\t<div class=\"uael-module-content uael-dual-color-heading uael-dual-heading-fill-yes uael-stack-desktop-yes uael-heading-stack-\">\n\t\t\t<h1>\n\t\t\t\t\t\t\t\t\t\t\t\t\t\t\t\t<span class=\"uael-before-heading\"><span class=\"elementor-inline-editing uael-dual-heading-text uael-first-text\" data-elementor-setting-key=\"before_heading_text\" data-elementor-inline-editing-toolbar=\"basic\">Co-Development Labs<\/span><\/span><span class=\"uael-adv-heading-stack\"><span class=\"uael-dual-heading-fill-yes elementor-inline-editing uael-dual-heading-text uael-highlight-text\" data-elementor-setting-key=\"second_heading_text\" data-elementor-inline-editing-toolbar=\"basic\">Private Sector Industry Partners<\/span><\/span>\t\t\t\t\t\t\t\t\t\t\t\t\t<\/h1>\n\t\t<\/div>\n\t\t\t\t\t\t<\/div>\n\t\t\t\t<\/div>\n\t\t\t\t<div class=\"elementor-element elementor-element-b36475c elementor-widget elementor-widget-image\" data-id=\"b36475c\" data-element_type=\"widget\" data-e-type=\"widget\" data-widget_type=\"image.default\">\n\t\t\t\t<div class=\"elementor-widget-container\">\n\t\t\t\t\t\t\t\t\t\t\t\t\t\t\t<img decoding=\"async\" width=\"773\" height=\"828\" src=\"https:\/\/en.bilgem.tubitak.gov.tr\/wp-content\/uploads\/sites\/8\/ozel-sektor-sanayi-grafik-img-1.png\" class=\"attachment-full size-full wp-image-88587\" alt=\"\" srcset=\"https:\/\/en.bilgem.tubitak.gov.tr\/wp-content\/uploads\/sites\/8\/ozel-sektor-sanayi-grafik-img-1.png 773w, https:\/\/en.bilgem.tubitak.gov.tr\/wp-content\/uploads\/sites\/8\/ozel-sektor-sanayi-grafik-img-1-280x300.png 280w, https:\/\/en.bilgem.tubitak.gov.tr\/wp-content\/uploads\/sites\/8\/ozel-sektor-sanayi-grafik-img-1-768x823.png 768w, https:\/\/en.bilgem.tubitak.gov.tr\/wp-content\/uploads\/sites\/8\/ozel-sektor-sanayi-grafik-img-1-11x12.png 11w\" sizes=\"(max-width: 773px) 100vw, 773px\" \/>\t\t\t\t\t\t\t\t\t\t\t\t\t\t\t<\/div>\n\t\t\t\t<\/div>\n\t\t\t\t\t<\/div>\n\t\t<\/div>\n\t\t\t\t\t<\/div>\n\t\t<\/section>\n\t\t\t\t<\/div>","protected":false},"excerpt":{"rendered":"<p>YZE Ana Sayfa\u00a0 \u00a0\/\u00a0 \u00a0Ekosistem\u00a0 \u00a0\/\u00a0 \u00a0Birlikte Geli\u015ftirme Laboratuvarlar\u0131 YZE Birlikte Geli\u015ftirme Laboratuvarlar\u0131 Birlikte Geli\u015ftirme Laboratuvarlar\u0131Kamu Kurumlar\u0131 Ortaklar\u0131 Birlikte Geli\u015ftirme [&hellip;]<\/p>\n","protected":false},"author":8,"featured_media":0,"parent":0,"menu_order":0,"comment_status":"closed","ping_status":"open","template":"elementor_header_footer","meta":{"_acf_changed":false,"site-sidebar-layout":"no-sidebar","site-content-layout":"page-builder","ast-site-content-layout":"default","site-content-style":"default","site-sidebar-style":"default","ast-global-header-display":"","ast-banner-title-visibility":"","ast-main-header-display":"","ast-hfb-above-header-display":"","ast-hfb-below-header-display":"","ast-hfb-mobile-header-display":"","site-post-title":"disabled","ast-breadcrumbs-content":"","ast-featured-img":"disabled","footer-sml-layout":"","ast-disable-related-posts":"","theme-transparent-header-meta":"default","adv-header-id-meta":"","stick-header-meta":"default","header-above-stick-meta":"","header-main-stick-meta":"","header-below-stick-meta":"","astra-migrate-meta-layouts":"default","ast-page-background-enabled":"default","ast-page-background-meta":{"desktop":{"background-color":"var(--ast-global-color-4)","background-image":"","background-repeat":"repeat","background-position":"center center","background-size":"auto","background-attachment":"scroll","background-type":"","background-media":"","overlay-type":"","overlay-color":"","overlay-opacity":"","overlay-gradient":""},"tablet":{"background-color":"","background-image":"","background-repeat":"repeat","background-position":"center center","background-size":"auto","background-attachment":"scroll","background-type":"","background-media":"","overlay-type":"","overlay-color":"","overlay-opacity":"","overlay-gradient":""},"mobile":{"background-color":"","background-image":"","background-repeat":"repeat","background-position":"center center","background-size":"auto","background-attachment":"scroll","background-type":"","background-media":"","overlay-type":"","overlay-color":"","overlay-opacity":"","overlay-gradient":""}},"ast-content-background-meta":{"desktop":{"background-color":"var(--ast-global-color-5)","background-image":"","background-repeat":"repeat","background-position":"center center","background-size":"auto","background-attachment":"scroll","background-type":"","background-media":"","overlay-type":"","overlay-color":"","overlay-opacity":"","overlay-gradient":""},"tablet":{"background-color":"var(--ast-global-color-5)","background-image":"","background-repeat":"repeat","background-position":"center center","background-size":"auto","background-attachment":"scroll","background-type":"","background-media":"","overlay-type":"","overlay-color":"","overlay-opacity":"","overlay-gradient":""},"mobile":{"background-color":"var(--ast-global-color-5)","background-image":"","background-repeat":"repeat","background-position":"center center","background-size":"auto","background-attachment":"scroll","background-type":"","background-media":"","overlay-type":"","overlay-color":"","overlay-opacity":"","overlay-gradient":""}},"footnotes":""},"class_list":["post-88578","page","type-page","status-publish","hentry"],"acf":[],"_links":{"self":[{"href":"https:\/\/en.bilgem.tubitak.gov.tr\/en\/wp-json\/wp\/v2\/pages\/88578","targetHints":{"allow":["GET"]}}],"collection":[{"href":"https:\/\/en.bilgem.tubitak.gov.tr\/en\/wp-json\/wp\/v2\/pages"}],"about":[{"href":"https:\/\/en.bilgem.tubitak.gov.tr\/en\/wp-json\/wp\/v2\/types\/page"}],"author":[{"embeddable":true,"href":"https:\/\/en.bilgem.tubitak.gov.tr\/en\/wp-json\/wp\/v2\/users\/8"}],"replies":[{"embeddable":true,"href":"https:\/\/en.bilgem.tubitak.gov.tr\/en\/wp-json\/wp\/v2\/comments?post=88578"}],"version-history":[{"count":4,"href":"https:\/\/en.bilgem.tubitak.gov.tr\/en\/wp-json\/wp\/v2\/pages\/88578\/revisions"}],"predecessor-version":[{"id":111108,"href":"https:\/\/en.bilgem.tubitak.gov.tr\/en\/wp-json\/wp\/v2\/pages\/88578\/revisions\/111108"}],"wp:attachment":[{"href":"https:\/\/en.bilgem.tubitak.gov.tr\/en\/wp-json\/wp\/v2\/media?parent=88578"}],"curies":[{"name":"wp","href":"https:\/\/api.w.org\/{rel}","templated":true}]}}