{"id":87765,"date":"2023-03-08T13:10:17","date_gmt":"2023-03-08T10:10:17","guid":{"rendered":"https:\/\/bilgem.tubitak.gov.tr\/?page_id=87765"},"modified":"2023-06-07T08:36:29","modified_gmt":"2023-06-07T05:36:29","slug":"yze-ecosystem-structure","status":"publish","type":"page","link":"https:\/\/en.bilgem.tubitak.gov.tr\/en\/yze-ekosistem-yapisi\/","title":{"rendered":"AI Ecosystem Structure"},"content":{"rendered":"<div data-elementor-type=\"wp-page\" data-elementor-id=\"87765\" class=\"elementor elementor-87765\" data-elementor-post-type=\"page\">\n\t\t\t\t\t\t<section class=\"elementor-section elementor-top-section elementor-element elementor-element-134d3b0 elementor-section-full_width elementor-section-height-min-height tbw-hero elementor-section-height-default elementor-section-items-middle\" data-id=\"134d3b0\" data-element_type=\"section\" data-e-type=\"section\" data-settings=\"{&quot;background_background&quot;:&quot;classic&quot;}\">\n\t\t\t\t\t\t\t<div class=\"elementor-background-overlay\"><\/div>\n\t\t\t\t\t\t\t<div class=\"elementor-container elementor-column-gap-default\">\n\t\t\t\t\t<div class=\"elementor-column elementor-col-100 elementor-top-column elementor-element elementor-element-448a58a\" data-id=\"448a58a\" data-element_type=\"column\" data-e-type=\"column\">\n\t\t\t<div class=\"elementor-widget-wrap elementor-element-populated\">\n\t\t\t\t\t\t<section class=\"elementor-section elementor-inner-section elementor-element elementor-element-fe22875 elementor-section-boxed elementor-section-height-default elementor-section-height-default\" data-id=\"fe22875\" data-element_type=\"section\" data-e-type=\"section\">\n\t\t\t\t\t\t<div class=\"elementor-container elementor-column-gap-default\">\n\t\t\t\t\t<div class=\"elementor-column elementor-col-50 elementor-inner-column elementor-element elementor-element-86c33a7\" data-id=\"86c33a7\" data-element_type=\"column\" data-e-type=\"column\">\n\t\t\t<div class=\"elementor-widget-wrap elementor-element-populated\">\n\t\t\t\t\t\t<div class=\"elementor-element elementor-element-dd3a8f4 elementor-widget elementor-widget-text-editor\" data-id=\"dd3a8f4\" data-element_type=\"widget\" data-e-type=\"widget\" data-widget_type=\"text-editor.default\">\n\t\t\t\t<div class=\"elementor-widget-container\">\n\t\t\t\t\t\t\t\t\t<a href=\"\/en\/yze\/\">YZE Home<\/a>\u00a0 \u00a0\/ Ecosystem \/\u00a0 <a href=\"\/en\/yze-ecosystem-structure\/\">\u00a0Ecosystem Structure<\/a>\t\t\t\t\t\t\t\t<\/div>\n\t\t\t\t<\/div>\n\t\t\t\t<div class=\"elementor-element elementor-element-a4a801f uael-heading-align-left animated-slow elementor-invisible elementor-widget elementor-widget-uael-advanced-heading\" data-id=\"a4a801f\" data-element_type=\"widget\" data-e-type=\"widget\" data-settings=\"{&quot;_animation&quot;:&quot;fadeInUp&quot;}\" data-widget_type=\"uael-advanced-heading.default\">\n\t\t\t\t<div class=\"elementor-widget-container\">\n\t\t\t\t\t\n\t\t<div class=\"uael-module-content uael-heading-wrapper\">\n\t\t\t\t\t\t<div class=\"uael-module-content uael-separator-parent\">\n\t\t\t\t\t\t\t\t<div class=\"uael-separator-wrap\">\n\t\t\t\t\t<div class=\"uael-separator-line uael-side-left\">\n\t\t\t\t\t\t<span><\/span>\n\t\t\t\t\t<\/div>\n\t\t\t\t\t<div class=\"uael-divider-content\">\n\t\t\t\t\t\t\t\t\t\t\t\t<h3 class=\"uael-divider-text elementor-inline-editing\" data-elementor-setting-key=\"heading_line_text\" data-elementor-inline-editing-toolbar=\"basic\">YZE<\/h3>\n\t\t\t\t\t<\/div>\n\t\t\t\t\t<div class=\"uael-separator-line uael-side-right\">\n\t\t\t\t\t\t<span><\/span>\n\t\t\t\t\t<\/div>\n\t\t\t\t<\/div>\n\t\t\t\t\t\t\t\t\t\t<\/div>\n\t\t\t\t\t\t\n\t\t\t<h1 class=\"uael-heading\">\n\t\t\t\t\t\t\t\t\t\t<span class=\"uael-heading-text elementor-inline-editing uael-size--default\" data-elementor-setting-key=\"heading_title\" data-elementor-inline-editing-toolbar=\"basic\">Ecosystem Structure<\/span>\n\t\t\t\t\t\t\t<\/h1>\n\n\t\t\t\n\t\t\t\n\t\t\t\n\t\t\t\t\t\t<\/div>\n\t\t\t\t\t\t<\/div>\n\t\t\t\t<\/div>\n\t\t\t\t\t<\/div>\n\t\t<\/div>\n\t\t\t\t<div class=\"elementor-column elementor-col-50 elementor-inner-column elementor-element elementor-element-279b17f elementor-hidden-tablet elementor-hidden-mobile\" data-id=\"279b17f\" data-element_type=\"column\" data-e-type=\"column\">\n\t\t\t<div class=\"elementor-widget-wrap\">\n\t\t\t\t\t\t\t<\/div>\n\t\t<\/div>\n\t\t\t\t\t<\/div>\n\t\t<\/section>\n\t\t\t\t\t<\/div>\n\t\t<\/div>\n\t\t\t\t\t<\/div>\n\t\t<\/section>\n\t\t\t\t<section class=\"elementor-section elementor-top-section elementor-element elementor-element-5f9f082 elementor-section-boxed elementor-section-height-default elementor-section-height-default\" data-id=\"5f9f082\" data-element_type=\"section\" data-e-type=\"section\">\n\t\t\t\t\t\t<div class=\"elementor-container elementor-column-gap-default\">\n\t\t\t\t\t<div class=\"elementor-column elementor-col-100 elementor-top-column elementor-element elementor-element-764a9b6\" data-id=\"764a9b6\" data-element_type=\"column\" data-e-type=\"column\">\n\t\t\t<div class=\"elementor-widget-wrap elementor-element-populated\">\n\t\t\t\t\t\t<div class=\"elementor-element elementor-element-a91007b uael-mobile-dual-heading-align-center uael-dual-heading-align-center elementor-widget elementor-widget-uael-dual-color-heading\" data-id=\"a91007b\" data-element_type=\"widget\" data-e-type=\"widget\" data-widget_type=\"uael-dual-color-heading.default\">\n\t\t\t\t<div class=\"elementor-widget-container\">\n\t\t\t\t\t\t\t\t\t<div class=\"uael-module-content uael-dual-color-heading uael-dual-heading-fill-yes uael-stack-desktop-yes uael-heading-stack-\">\n\t\t\t<h1>\n\t\t\t\t\t\t\t\t\t\t\t\t\t\t\t\t<span class=\"uael-before-heading\"><span class=\"elementor-inline-editing uael-dual-heading-text uael-first-text\" data-elementor-setting-key=\"before_heading_text\" data-elementor-inline-editing-toolbar=\"basic\">Ecosystem Structure<\/span><\/span><span class=\"uael-adv-heading-stack\"><span class=\"uael-dual-heading-fill-yes elementor-inline-editing uael-dual-heading-text uael-highlight-text\" data-elementor-setting-key=\"second_heading_text\" data-elementor-inline-editing-toolbar=\"basic\">General View<\/span><\/span>\t\t\t\t\t\t\t\t\t\t\t\t\t<\/h1>\n\t\t<\/div>\n\t\t\t\t\t\t<\/div>\n\t\t\t\t<\/div>\n\t\t\t\t<div class=\"elementor-element elementor-element-0c835b1 elementor-widget elementor-widget-image\" data-id=\"0c835b1\" data-element_type=\"widget\" data-e-type=\"widget\" data-widget_type=\"image.default\">\n\t\t\t\t<div class=\"elementor-widget-container\">\n\t\t\t\t\t\t\t\t\t\t\t\t\t\t\t<img fetchpriority=\"high\" decoding=\"async\" width=\"1452\" height=\"1732\" src=\"https:\/\/en.bilgem.tubitak.gov.tr\/wp-content\/uploads\/sites\/8\/ekosistem-yapisi-img-5.png\" class=\"attachment-full size-full wp-image-87975\" alt=\"ecosystem-structure-img-5\" srcset=\"https:\/\/en.bilgem.tubitak.gov.tr\/wp-content\/uploads\/sites\/8\/ekosistem-yapisi-img-5.png 1452w, https:\/\/en.bilgem.tubitak.gov.tr\/wp-content\/uploads\/sites\/8\/ekosistem-yapisi-img-5-252x300.png 252w, https:\/\/en.bilgem.tubitak.gov.tr\/wp-content\/uploads\/sites\/8\/ekosistem-yapisi-img-5-858x1024.png 858w, https:\/\/en.bilgem.tubitak.gov.tr\/wp-content\/uploads\/sites\/8\/ekosistem-yapisi-img-5-768x916.png 768w, https:\/\/en.bilgem.tubitak.gov.tr\/wp-content\/uploads\/sites\/8\/ekosistem-yapisi-img-5-1288x1536.png 1288w, https:\/\/en.bilgem.tubitak.gov.tr\/wp-content\/uploads\/sites\/8\/ekosistem-yapisi-img-5-10x12.png 10w\" sizes=\"(max-width: 1452px) 100vw, 1452px\" \/>\t\t\t\t\t\t\t\t\t\t\t\t\t\t\t<\/div>\n\t\t\t\t<\/div>\n\t\t\t\t\t<\/div>\n\t\t<\/div>\n\t\t\t\t\t<\/div>\n\t\t<\/section>\n\t\t\t\t<section class=\"elementor-section elementor-top-section elementor-element elementor-element-658b3bf elementor-section-boxed elementor-section-height-default elementor-section-height-default\" data-id=\"658b3bf\" data-element_type=\"section\" data-e-type=\"section\">\n\t\t\t\t\t\t<div class=\"elementor-container elementor-column-gap-default\">\n\t\t\t\t\t<div class=\"elementor-column elementor-col-100 elementor-top-column elementor-element elementor-element-207d377\" data-id=\"207d377\" data-element_type=\"column\" data-e-type=\"column\">\n\t\t\t<div class=\"elementor-widget-wrap elementor-element-populated\">\n\t\t\t\t\t\t<div class=\"elementor-element elementor-element-825c79f uael-mobile-dual-heading-align-center uael-dual-heading-align-center elementor-widget elementor-widget-uael-dual-color-heading\" data-id=\"825c79f\" data-element_type=\"widget\" data-e-type=\"widget\" data-widget_type=\"uael-dual-color-heading.default\">\n\t\t\t\t<div class=\"elementor-widget-container\">\n\t\t\t\t\t\t\t\t\t<div class=\"uael-module-content uael-dual-color-heading uael-dual-heading-fill-yes uael-stack-desktop-yes uael-heading-stack-\">\n\t\t\t<h1>\n\t\t\t\t\t\t\t\t\t\t\t\t\t\t\t\t<span class=\"uael-before-heading\"><span class=\"elementor-inline-editing uael-dual-heading-text uael-first-text\" data-elementor-setting-key=\"before_heading_text\" data-elementor-inline-editing-toolbar=\"basic\">Ecosystem <\/span><\/span><span class=\"uael-adv-heading-stack\"><span class=\"uael-dual-heading-fill-yes elementor-inline-editing uael-dual-heading-text uael-highlight-text\" data-elementor-setting-key=\"second_heading_text\" data-elementor-inline-editing-toolbar=\"basic\">Interactions<\/span><\/span>\t\t\t\t\t\t\t\t\t\t\t\t\t<\/h1>\n\t\t<\/div>\n\t\t\t\t\t\t<\/div>\n\t\t\t\t<\/div>\n\t\t\t\t<div class=\"elementor-element elementor-element-c90205a elementor-widget elementor-widget-image\" data-id=\"c90205a\" data-element_type=\"widget\" data-e-type=\"widget\" data-widget_type=\"image.default\">\n\t\t\t\t<div class=\"elementor-widget-container\">\n\t\t\t\t\t\t\t\t\t\t\t\t\t\t\t<img decoding=\"async\" width=\"1574\" height=\"846\" src=\"https:\/\/en.bilgem.tubitak.gov.tr\/wp-content\/uploads\/sites\/8\/ekosistem-etkilesimleri-img-grafik-1.png\" class=\"attachment-full size-full wp-image-88059\" alt=\"ecosystem-interactions-img-graph-1\" srcset=\"https:\/\/en.bilgem.tubitak.gov.tr\/wp-content\/uploads\/sites\/8\/ekosistem-etkilesimleri-img-grafik-1.png 1574w, https:\/\/en.bilgem.tubitak.gov.tr\/wp-content\/uploads\/sites\/8\/ekosistem-etkilesimleri-img-grafik-1-300x161.png 300w, https:\/\/en.bilgem.tubitak.gov.tr\/wp-content\/uploads\/sites\/8\/ekosistem-etkilesimleri-img-grafik-1-1024x550.png 1024w, https:\/\/en.bilgem.tubitak.gov.tr\/wp-content\/uploads\/sites\/8\/ekosistem-etkilesimleri-img-grafik-1-768x413.png 768w, https:\/\/en.bilgem.tubitak.gov.tr\/wp-content\/uploads\/sites\/8\/ekosistem-etkilesimleri-img-grafik-1-1536x826.png 1536w, https:\/\/en.bilgem.tubitak.gov.tr\/wp-content\/uploads\/sites\/8\/ekosistem-etkilesimleri-img-grafik-1-18x10.png 18w\" sizes=\"(max-width: 1574px) 100vw, 1574px\" \/>\t\t\t\t\t\t\t\t\t\t\t\t\t\t\t<\/div>\n\t\t\t\t<\/div>\n\t\t\t\t\t<\/div>\n\t\t<\/div>\n\t\t\t\t\t<\/div>\n\t\t<\/section>\n\t\t\t\t<\/div>","protected":false},"excerpt":{"rendered":"<p>YZE Ana Sayfa\u00a0 \u00a0\/\u00a0 \u00a0Ekosistem\u00a0 \u00a0\/\u00a0 \u00a0Ekosistem Yap\u0131s\u0131 YZE Ekosistem Yap\u0131s\u0131 Ekosistem Yap\u0131s\u0131Genel G\u00f6r\u00fcn\u00fcm Ekosistem Etkile\u015fimleri<\/p>","protected":false},"author":8,"featured_media":0,"parent":0,"menu_order":0,"comment_status":"closed","ping_status":"open","template":"elementor_header_footer","meta":{"_acf_changed":false,"site-sidebar-layout":"no-sidebar","site-content-layout":"page-builder","ast-site-content-layout":"default","site-content-style":"default","site-sidebar-style":"default","ast-global-header-display":"","ast-banner-title-visibility":"","ast-main-header-display":"","ast-hfb-above-header-display":"","ast-hfb-below-header-display":"","ast-hfb-mobile-header-display":"","site-post-title":"disabled","ast-breadcrumbs-content":"","ast-featured-img":"disabled","footer-sml-layout":"","ast-disable-related-posts":"","theme-transparent-header-meta":"default","adv-header-id-meta":"","stick-header-meta":"default","header-above-stick-meta":"","header-main-stick-meta":"","header-below-stick-meta":"","astra-migrate-meta-layouts":"default","ast-page-background-enabled":"default","ast-page-background-meta":{"desktop":{"background-color":"var(--ast-global-color-4)","background-image":"","background-repeat":"repeat","background-position":"center center","background-size":"auto","background-attachment":"scroll","background-type":"","background-media":"","overlay-type":"","overlay-color":"","overlay-opacity":"","overlay-gradient":""},"tablet":{"background-color":"","background-image":"","background-repeat":"repeat","background-position":"center center","background-size":"auto","background-attachment":"scroll","background-type":"","background-media":"","overlay-type":"","overlay-color":"","overlay-opacity":"","overlay-gradient":""},"mobile":{"background-color":"","background-image":"","background-repeat":"repeat","background-position":"center center","background-size":"auto","background-attachment":"scroll","background-type":"","background-media":"","overlay-type":"","overlay-color":"","overlay-opacity":"","overlay-gradient":""}},"ast-content-background-meta":{"desktop":{"background-color":"var(--ast-global-color-5)","background-image":"","background-repeat":"repeat","background-position":"center center","background-size":"auto","background-attachment":"scroll","background-type":"","background-media":"","overlay-type":"","overlay-color":"","overlay-opacity":"","overlay-gradient":""},"tablet":{"background-color":"var(--ast-global-color-5)","background-image":"","background-repeat":"repeat","background-position":"center center","background-size":"auto","background-attachment":"scroll","background-type":"","background-media":"","overlay-type":"","overlay-color":"","overlay-opacity":"","overlay-gradient":""},"mobile":{"background-color":"var(--ast-global-color-5)","background-image":"","background-repeat":"repeat","background-position":"center center","background-size":"auto","background-attachment":"scroll","background-type":"","background-media":"","overlay-type":"","overlay-color":"","overlay-opacity":"","overlay-gradient":""}},"footnotes":""},"class_list":["post-87765","page","type-page","status-publish","hentry"],"acf":[],"_links":{"self":[{"href":"https:\/\/en.bilgem.tubitak.gov.tr\/en\/wp-json\/wp\/v2\/pages\/87765","targetHints":{"allow":["GET"]}}],"collection":[{"href":"https:\/\/en.bilgem.tubitak.gov.tr\/en\/wp-json\/wp\/v2\/pages"}],"about":[{"href":"https:\/\/en.bilgem.tubitak.gov.tr\/en\/wp-json\/wp\/v2\/types\/page"}],"author":[{"embeddable":true,"href":"https:\/\/en.bilgem.tubitak.gov.tr\/en\/wp-json\/wp\/v2\/users\/8"}],"replies":[{"embeddable":true,"href":"https:\/\/en.bilgem.tubitak.gov.tr\/en\/wp-json\/wp\/v2\/comments?post=87765"}],"version-history":[{"count":4,"href":"https:\/\/en.bilgem.tubitak.gov.tr\/en\/wp-json\/wp\/v2\/pages\/87765\/revisions"}],"predecessor-version":[{"id":111072,"href":"https:\/\/en.bilgem.tubitak.gov.tr\/en\/wp-json\/wp\/v2\/pages\/87765\/revisions\/111072"}],"wp:attachment":[{"href":"https:\/\/en.bilgem.tubitak.gov.tr\/en\/wp-json\/wp\/v2\/media?parent=87765"}],"curies":[{"name":"wp","href":"https:\/\/api.w.org\/{rel}","templated":true}]}}