{"id":33201,"date":"2022-11-29T08:48:24","date_gmt":"2022-11-29T05:48:24","guid":{"rendered":"https:\/\/bilgem.tubitak.gov.tr\/?page_id=33201"},"modified":"2026-04-20T13:13:43","modified_gmt":"2026-04-20T10:13:43","slug":"press-kit","status":"publish","type":"page","link":"https:\/\/en.bilgem.tubitak.gov.tr\/en\/basin-kiti\/","title":{"rendered":"Press Kit"},"content":{"rendered":"<div data-elementor-type=\"wp-page\" data-elementor-id=\"33201\" class=\"elementor elementor-33201\" data-elementor-post-type=\"page\">\n\t\t\t\t\t\t<section class=\"elementor-section elementor-top-section elementor-element elementor-element-e375ba4 elementor-section-full_width elementor-section-height-min-height tbw-hero elementor-section-height-default elementor-section-items-middle\" data-id=\"e375ba4\" data-element_type=\"section\" data-e-type=\"section\" data-settings=\"{&quot;background_background&quot;:&quot;classic&quot;}\">\n\t\t\t\t\t\t\t<div class=\"elementor-background-overlay\"><\/div>\n\t\t\t\t\t\t\t<div class=\"elementor-container elementor-column-gap-default\">\n\t\t\t\t\t<div class=\"elementor-column elementor-col-100 elementor-top-column elementor-element elementor-element-577a854\" data-id=\"577a854\" data-element_type=\"column\" data-e-type=\"column\">\n\t\t\t<div class=\"elementor-widget-wrap elementor-element-populated\">\n\t\t\t\t\t\t<section class=\"elementor-section elementor-inner-section elementor-element elementor-element-ac3d4e3 elementor-section-boxed elementor-section-height-default elementor-section-height-default\" data-id=\"ac3d4e3\" data-element_type=\"section\" data-e-type=\"section\">\n\t\t\t\t\t\t<div class=\"elementor-container elementor-column-gap-default\">\n\t\t\t\t\t<div class=\"elementor-column elementor-col-50 elementor-inner-column elementor-element elementor-element-289f53a\" data-id=\"289f53a\" data-element_type=\"column\" data-e-type=\"column\">\n\t\t\t<div class=\"elementor-widget-wrap elementor-element-populated\">\n\t\t\t\t\t\t<div class=\"elementor-element elementor-element-fb72c8f elementor-widget elementor-widget-text-editor\" data-id=\"fb72c8f\" data-element_type=\"widget\" data-e-type=\"widget\" data-widget_type=\"text-editor.default\">\n\t\t\t\t<div class=\"elementor-widget-container\">\n\t\t\t\t\t\t\t\t\t<a href=\"\/en\/\">Home<\/a>\u00a0 \u00a0\/\u00a0 \u00a0<a href=\"\/en\/institutional\/\">Corporate<\/a>\u00a0 \/\u00a0 <a href=\"\/en\/press-kit\/\">Press Kit<\/a>\t\t\t\t\t\t\t\t<\/div>\n\t\t\t\t<\/div>\n\t\t\t\t<div class=\"elementor-element elementor-element-20ff7de uael-heading-align-left animated-slow elementor-invisible elementor-widget elementor-widget-uael-advanced-heading\" data-id=\"20ff7de\" data-element_type=\"widget\" data-e-type=\"widget\" data-settings=\"{&quot;_animation&quot;:&quot;fadeInUp&quot;}\" data-widget_type=\"uael-advanced-heading.default\">\n\t\t\t\t<div class=\"elementor-widget-container\">\n\t\t\t\t\t\n\t\t<div class=\"uael-module-content uael-heading-wrapper\">\n\t\t\t\t\t\t<div class=\"uael-module-content uael-separator-parent\">\n\t\t\t\t\t\t\t\t<div class=\"uael-separator-wrap\">\n\t\t\t\t\t<div class=\"uael-separator-line uael-side-left\">\n\t\t\t\t\t\t<span><\/span>\n\t\t\t\t\t<\/div>\n\t\t\t\t\t<div class=\"uael-divider-content\">\n\t\t\t\t\t\t\t\t\t\t\t\t<h3 class=\"uael-divider-text elementor-inline-editing\" data-elementor-setting-key=\"heading_line_text\" data-elementor-inline-editing-toolbar=\"basic\">CORPORATE<\/h3>\n\t\t\t\t\t<\/div>\n\t\t\t\t\t<div class=\"uael-separator-line uael-side-right\">\n\t\t\t\t\t\t<span><\/span>\n\t\t\t\t\t<\/div>\n\t\t\t\t<\/div>\n\t\t\t\t\t\t\t\t\t\t<\/div>\n\t\t\t\t\t\t\n\t\t\t<h1 class=\"uael-heading\">\n\t\t\t\t\t\t\t\t\t\t<span class=\"uael-heading-text elementor-inline-editing uael-size--default\" data-elementor-setting-key=\"heading_title\" data-elementor-inline-editing-toolbar=\"basic\">Press Kit<\/span>\n\t\t\t\t\t\t\t<\/h1>\n\n\t\t\t\n\t\t\t\n\t\t\t\n\t\t\t\t\t\t<\/div>\n\t\t\t\t\t\t<\/div>\n\t\t\t\t<\/div>\n\t\t\t\t\t<\/div>\n\t\t<\/div>\n\t\t\t\t<div class=\"elementor-column elementor-col-50 elementor-inner-column elementor-element elementor-element-a6029af elementor-hidden-tablet elementor-hidden-mobile\" data-id=\"a6029af\" data-element_type=\"column\" data-e-type=\"column\">\n\t\t\t<div class=\"elementor-widget-wrap\">\n\t\t\t\t\t\t\t<\/div>\n\t\t<\/div>\n\t\t\t\t\t<\/div>\n\t\t<\/section>\n\t\t\t\t\t<\/div>\n\t\t<\/div>\n\t\t\t\t\t<\/div>\n\t\t<\/section>\n\t\t\t\t<section class=\"elementor-section elementor-top-section elementor-element elementor-element-0c971f4 elementor-section-boxed elementor-section-height-default elementor-section-height-default\" data-id=\"0c971f4\" data-element_type=\"section\" data-e-type=\"section\">\n\t\t\t\t\t\t<div class=\"elementor-container elementor-column-gap-default\">\n\t\t\t\t\t<div class=\"elementor-column elementor-col-100 elementor-top-column elementor-element elementor-element-3b90c9d\" data-id=\"3b90c9d\" data-element_type=\"column\" data-e-type=\"column\">\n\t\t\t<div class=\"elementor-widget-wrap elementor-element-populated\">\n\t\t\t\t\t\t<section class=\"elementor-section elementor-inner-section elementor-element elementor-element-9992235 elementor-section-full_width elementor-reverse-tablet elementor-reverse-mobile elementor-section-height-default elementor-section-height-default\" data-id=\"9992235\" data-element_type=\"section\" data-e-type=\"section\">\n\t\t\t\t\t\t<div class=\"elementor-container elementor-column-gap-default\">\n\t\t\t\t\t<div class=\"elementor-column elementor-col-50 elementor-inner-column elementor-element elementor-element-4dab45d\" data-id=\"4dab45d\" data-element_type=\"column\" data-e-type=\"column\">\n\t\t\t<div class=\"elementor-widget-wrap elementor-element-populated\">\n\t\t\t\t\t\t<div class=\"elementor-element elementor-element-677cd76 elementor-widget elementor-widget-image\" data-id=\"677cd76\" data-element_type=\"widget\" data-e-type=\"widget\" data-widget_type=\"image.default\">\n\t\t\t\t<div class=\"elementor-widget-container\">\n\t\t\t\t\t\t\t\t\t\t\t\t\t\t\t<img fetchpriority=\"high\" decoding=\"async\" width=\"1400\" height=\"502\" src=\"https:\/\/en.bilgem.tubitak.gov.tr\/wp-content\/uploads\/sites\/8\/BILGEM-Yatay.png\" class=\"attachment-full size-full wp-image-133181\" alt=\"\" srcset=\"https:\/\/en.bilgem.tubitak.gov.tr\/wp-content\/uploads\/sites\/8\/BILGEM-Yatay.png 1400w, https:\/\/en.bilgem.tubitak.gov.tr\/wp-content\/uploads\/sites\/8\/BILGEM-Yatay-300x108.png 300w, https:\/\/en.bilgem.tubitak.gov.tr\/wp-content\/uploads\/sites\/8\/BILGEM-Yatay-1024x367.png 1024w, https:\/\/en.bilgem.tubitak.gov.tr\/wp-content\/uploads\/sites\/8\/BILGEM-Yatay-768x275.png 768w, https:\/\/en.bilgem.tubitak.gov.tr\/wp-content\/uploads\/sites\/8\/BILGEM-Yatay-18x6.png 18w\" sizes=\"(max-width: 1400px) 100vw, 1400px\" \/>\t\t\t\t\t\t\t\t\t\t\t\t\t\t\t<\/div>\n\t\t\t\t<\/div>\n\t\t\t\t\t<\/div>\n\t\t<\/div>\n\t\t\t\t<div class=\"elementor-column elementor-col-50 elementor-inner-column elementor-element elementor-element-6cf5a40\" data-id=\"6cf5a40\" data-element_type=\"column\" data-e-type=\"column\">\n\t\t\t<div class=\"elementor-widget-wrap elementor-element-populated\">\n\t\t\t\t\t\t<div class=\"elementor-element elementor-element-fff38d3 elementor-widget elementor-widget-heading\" data-id=\"fff38d3\" data-element_type=\"widget\" data-e-type=\"widget\" data-widget_type=\"heading.default\">\n\t\t\t\t<div class=\"elementor-widget-container\">\n\t\t\t\t\t<h2 class=\"elementor-heading-title elementor-size-default\">Informatics and Information Security Research Center<\/h2>\t\t\t\t<\/div>\n\t\t\t\t<\/div>\n\t\t\t\t<div class=\"elementor-element elementor-element-793eadd elementor-widget elementor-widget-text-editor\" data-id=\"793eadd\" data-element_type=\"widget\" data-e-type=\"widget\" data-widget_type=\"text-editor.default\">\n\t\t\t\t<div class=\"elementor-widget-container\">\n\t\t\t\t\t\t\t\t\tClick to download the Informatics and Information Security Research Center logo files.\t\t\t\t\t\t\t\t<\/div>\n\t\t\t\t<\/div>\n\t\t\t\t<div class=\"elementor-element elementor-element-e83c752 elementor-icon-list--layout-inline elementor-align-center elementor-list-item-link-full_width elementor-widget elementor-widget-icon-list\" data-id=\"e83c752\" data-element_type=\"widget\" data-e-type=\"widget\" data-widget_type=\"icon-list.default\">\n\t\t\t\t<div class=\"elementor-widget-container\">\n\t\t\t\t\t\t\t<ul class=\"elementor-icon-list-items elementor-inline-items\">\n\t\t\t\t\t\t\t<li class=\"elementor-icon-list-item elementor-inline-item\">\n\t\t\t\t\t\t\t\t\t\t\t<a href=\"https:\/\/en.bilgem.tubitak.gov.tr\/wp-content\/uploads\/sites\/8\/TUBITAK-BILGEM-Logo-Png.zip\" target=\"_blank\">\n\n\t\t\t\t\t\t\t\t\t\t\t\t<span class=\"elementor-icon-list-icon\">\n\t\t\t\t\t\t\t<svg xmlns=\"http:\/\/www.w3.org\/2000\/svg\" id=\"Layer_1\" data-name=\"Layer 1\" viewbox=\"0 0 256.2 350.41\"><polygon points=\"256.2 83.47 256.2 350.41 0 350.41 0 0 184.44 0 256.2 83.47\" style=\"fill: #00cec9;\"><\/polygon><polygon points=\"256.2 84.3 184.3 84.3 184.3 0 256.2 84.3\" style=\"fill: #007771;\"><\/polygon><g><path d=\"M56.06,222.44c3.15-.53,7.27-.97,12.52-.97,6.45,0,11.17,1.5,14.17,4.2,2.78,2.4,4.43,6.07,4.43,10.57s-1.35,8.18-3.9,10.8c-3.45,3.67-9.07,5.55-15.45,5.55-1.95,0-3.75-.07-5.25-.45v20.25h-6.52v-49.95h0Zm6.52,24.37c1.42,.37,3.22,.52,5.4,.52,7.87,0,12.67-3.82,12.67-10.8s-4.72-9.9-11.92-9.9c-2.85,0-5.02,.23-6.15,.53v19.65Z\" style=\"fill: #fff;\"><\/path><path d=\"M95.96,272.38v-50.55h7.12l16.2,25.57c3.75,5.92,6.67,11.25,9.08,16.42l.15-.08c-.6-6.75-.75-12.9-.75-20.77v-21.15h6.15v50.55h-6.6l-16.05-25.65c-3.53-5.62-6.9-11.4-9.45-16.88l-.22,.08c.37,6.37,.53,12.45,.53,20.85v21.6h-6.16Z\" style=\"fill: #fff;\"><\/path><path d=\"M183.79,270.13c-2.92,1.05-8.7,2.78-15.52,2.78-7.65,0-13.95-1.95-18.9-6.67-4.35-4.2-7.05-10.95-7.05-18.82,.08-15.07,10.42-26.1,27.37-26.1,5.85,0,10.42,1.28,12.6,2.32l-1.58,5.33c-2.7-1.2-6.08-2.17-11.17-2.17-12.3,0-20.32,7.65-20.32,20.32s7.72,20.4,19.5,20.4c4.28,0,7.2-.6,8.7-1.35v-15.07h-10.27v-5.25h16.65v24.28Z\" style=\"fill: #fff;\"><\/path><\/g><g><g style=\"opacity: .3;\"><rect x=\"51.18\" y=\"66.44\" width=\"119.21\" height=\"16\" style=\"fill: #fff;\"><\/rect><\/g><g style=\"opacity: .3;\"><rect x=\"51.18\" y=\"98.44\" width=\"119.21\" height=\"16\" style=\"fill: #fff;\"><\/rect><\/g><g style=\"opacity: .3;\"><rect x=\"51.18\" y=\"130.44\" width=\"76.26\" height=\"16\" style=\"fill: #fff;\"><\/rect><\/g><\/g><\/svg>\t\t\t\t\t\t<\/span>\n\t\t\t\t\t\t\t\t\t\t<span class=\"elementor-icon-list-text\">Download<\/span>\n\t\t\t\t\t\t\t\t\t\t\t<\/a>\n\t\t\t\t\t\t\t\t\t<\/li>\n\t\t\t\t\t\t\t\t<li class=\"elementor-icon-list-item elementor-inline-item\">\n\t\t\t\t\t\t\t\t\t\t\t<a href=\"https:\/\/en.bilgem.tubitak.gov.tr\/wp-content\/uploads\/sites\/8\/TUBITAK-BILGEM-Logo-Eps-Pdf.zip\" target=\"_blank\">\n\n\t\t\t\t\t\t\t\t\t\t\t\t<span class=\"elementor-icon-list-icon\">\n\t\t\t\t\t\t\t<svg xmlns=\"http:\/\/www.w3.org\/2000\/svg\" id=\"Layer_1\" data-name=\"Layer 1\" viewbox=\"0 0 256.2 350.41\"><polygon points=\"256.2 83.47 256.2 350.41 0 350.41 0 0 184.44 0 256.2 83.47\" style=\"fill: #ca3758;\"><\/polygon><polygon points=\"256.2 84.3 184.3 84.3 184.3 0 256.2 84.3\" style=\"fill: #751f35;\"><\/polygon><g><path d=\"M59.75,233.44c3.15-.53,7.27-.97,12.52-.97,6.45,0,11.17,1.5,14.17,4.2,2.77,2.4,4.43,6.07,4.43,10.57s-1.35,8.18-3.9,10.8c-3.45,3.67-9.07,5.55-15.45,5.55-1.95,0-3.75-.07-5.25-.45v20.25h-6.52v-49.95h0Zm6.52,24.37c1.42,.37,3.22,.52,5.4,.52,7.87,0,12.67-3.82,12.67-10.8s-4.73-9.9-11.92-9.9c-2.85,0-5.02,.23-6.15,.53v19.65Z\" style=\"fill: #fff;\"><\/path><path d=\"M99.65,233.51c3.98-.6,8.7-1.05,13.87-1.05,9.37,0,16.05,2.17,20.47,6.3,4.5,4.12,7.12,9.97,7.12,18.15s-2.55,15-7.27,19.65c-4.73,4.72-12.52,7.28-22.35,7.28-4.65,0-8.55-.23-11.85-.6v-49.72h.01Zm6.52,44.69c1.65,.3,4.05,.38,6.6,.38,13.95,0,21.52-7.8,21.52-21.45,.08-11.92-6.67-19.5-20.47-19.5-3.37,0-5.92,.3-7.65,.68v39.9h0Z\" style=\"fill: #fff;\"><\/path><path d=\"M149.6,232.84h27.22v5.47h-20.7v16.8h19.12v5.4h-19.12v22.87h-6.52v-50.55h0Z\" style=\"fill: #fff;\"><\/path><\/g><g><g style=\"opacity: .3;\"><rect x=\"50.18\" y=\"67.44\" width=\"119.21\" height=\"16\" style=\"fill: #fff;\"><\/rect><\/g><g style=\"opacity: .3;\"><rect x=\"50.18\" y=\"99.44\" width=\"119.21\" height=\"16\" style=\"fill: #fff;\"><\/rect><\/g><g style=\"opacity: .3;\"><rect x=\"50.18\" y=\"131.44\" width=\"76.26\" height=\"16\" style=\"fill: #fff;\"><\/rect><\/g><\/g><\/svg>\t\t\t\t\t\t<\/span>\n\t\t\t\t\t\t\t\t\t\t<span class=\"elementor-icon-list-text\">Download<\/span>\n\t\t\t\t\t\t\t\t\t\t\t<\/a>\n\t\t\t\t\t\t\t\t\t<\/li>\n\t\t\t\t\t\t<\/ul>\n\t\t\t\t\t\t<\/div>\n\t\t\t\t<\/div>\n\t\t\t\t\t<\/div>\n\t\t<\/div>\n\t\t\t\t\t<\/div>\n\t\t<\/section>\n\t\t\t\t\t<\/div>\n\t\t<\/div>\n\t\t\t\t\t<\/div>\n\t\t<\/section>\n\t\t\t\t<\/div>","protected":false},"excerpt":{"rendered":"<p>Ana Sayfa\u00a0 \u00a0\/\u00a0 \u00a0Kurumsal\u00a0 \/\u00a0 Bas\u0131n Kiti KURUMSAL Bas\u0131n Kiti Bili\u015fim ve Bilgi G\u00fcvenli\u011fi \u0130leri Teknolojiler Ara\u015ft\u0131rma Merkezi Bili\u015fim ve [&hellip;]<\/p>\n","protected":false},"author":8,"featured_media":0,"parent":0,"menu_order":0,"comment_status":"closed","ping_status":"open","template":"elementor_header_footer","meta":{"_acf_changed":false,"site-sidebar-layout":"no-sidebar","site-content-layout":"page-builder","ast-site-content-layout":"default","site-content-style":"default","site-sidebar-style":"default","ast-global-header-display":"","ast-banner-title-visibility":"","ast-main-header-display":"","ast-hfb-above-header-display":"","ast-hfb-below-header-display":"","ast-hfb-mobile-header-display":"","site-post-title":"disabled","ast-breadcrumbs-content":"","ast-featured-img":"disabled","footer-sml-layout":"","ast-disable-related-posts":"","theme-transparent-header-meta":"default","adv-header-id-meta":"","stick-header-meta":"default","header-above-stick-meta":"","header-main-stick-meta":"","header-below-stick-meta":"","astra-migrate-meta-layouts":"default","ast-page-background-enabled":"default","ast-page-background-meta":{"desktop":{"background-color":"var(--ast-global-color-4)","background-image":"","background-repeat":"repeat","background-position":"center center","background-size":"auto","background-attachment":"scroll","background-type":"","background-media":"","overlay-type":"","overlay-color":"","overlay-opacity":"","overlay-gradient":""},"tablet":{"background-color":"","background-image":"","background-repeat":"repeat","background-position":"center center","background-size":"auto","background-attachment":"scroll","background-type":"","background-media":"","overlay-type":"","overlay-color":"","overlay-opacity":"","overlay-gradient":""},"mobile":{"background-color":"","background-image":"","background-repeat":"repeat","background-position":"center center","background-size":"auto","background-attachment":"scroll","background-type":"","background-media":"","overlay-type":"","overlay-color":"","overlay-opacity":"","overlay-gradient":""}},"ast-content-background-meta":{"desktop":{"background-color":"var(--ast-global-color-5)","background-image":"","background-repeat":"repeat","background-position":"center center","background-size":"auto","background-attachment":"scroll","background-type":"","background-media":"","overlay-type":"","overlay-color":"","overlay-opacity":"","overlay-gradient":""},"tablet":{"background-color":"var(--ast-global-color-5)","background-image":"","background-repeat":"repeat","background-position":"center center","background-size":"auto","background-attachment":"scroll","background-type":"","background-media":"","overlay-type":"","overlay-color":"","overlay-opacity":"","overlay-gradient":""},"mobile":{"background-color":"var(--ast-global-color-5)","background-image":"","background-repeat":"repeat","background-position":"center center","background-size":"auto","background-attachment":"scroll","background-type":"","background-media":"","overlay-type":"","overlay-color":"","overlay-opacity":"","overlay-gradient":""}},"footnotes":""},"class_list":["post-33201","page","type-page","status-publish","hentry"],"acf":[],"_links":{"self":[{"href":"https:\/\/en.bilgem.tubitak.gov.tr\/en\/wp-json\/wp\/v2\/pages\/33201","targetHints":{"allow":["GET"]}}],"collection":[{"href":"https:\/\/en.bilgem.tubitak.gov.tr\/en\/wp-json\/wp\/v2\/pages"}],"about":[{"href":"https:\/\/en.bilgem.tubitak.gov.tr\/en\/wp-json\/wp\/v2\/types\/page"}],"author":[{"embeddable":true,"href":"https:\/\/en.bilgem.tubitak.gov.tr\/en\/wp-json\/wp\/v2\/users\/8"}],"replies":[{"embeddable":true,"href":"https:\/\/en.bilgem.tubitak.gov.tr\/en\/wp-json\/wp\/v2\/comments?post=33201"}],"version-history":[{"count":26,"href":"https:\/\/en.bilgem.tubitak.gov.tr\/en\/wp-json\/wp\/v2\/pages\/33201\/revisions"}],"predecessor-version":[{"id":133214,"href":"https:\/\/en.bilgem.tubitak.gov.tr\/en\/wp-json\/wp\/v2\/pages\/33201\/revisions\/133214"}],"wp:attachment":[{"href":"https:\/\/en.bilgem.tubitak.gov.tr\/en\/wp-json\/wp\/v2\/media?parent=33201"}],"curies":[{"name":"wp","href":"https:\/\/api.w.org\/{rel}","templated":true}]}}