{"id":19722,"date":"2022-09-12T09:55:59","date_gmt":"2022-09-12T06:55:59","guid":{"rendered":"https:\/\/bilgem.tubitak.gov.tr\/?page_id=19722"},"modified":"2023-07-03T11:03:56","modified_gmt":"2023-07-03T08:03:56","slug":"sge-collaborations","status":"publish","type":"page","link":"https:\/\/en.bilgem.tubitak.gov.tr\/en\/sge-is-birlikleri\/","title":{"rendered":"SGE Collaborations"},"content":{"rendered":"<div data-elementor-type=\"wp-page\" data-elementor-id=\"19722\" class=\"elementor elementor-19722\" data-elementor-post-type=\"page\">\n\t\t\t\t\t\t<section class=\"elementor-section elementor-top-section elementor-element elementor-element-c0e9e8b elementor-section-full_width elementor-section-height-min-height tbw-hero elementor-section-height-default elementor-section-items-middle\" data-id=\"c0e9e8b\" data-element_type=\"section\" data-e-type=\"section\" data-settings=\"{&quot;background_background&quot;:&quot;classic&quot;}\">\n\t\t\t\t\t\t\t<div class=\"elementor-background-overlay\"><\/div>\n\t\t\t\t\t\t\t<div class=\"elementor-container elementor-column-gap-default\">\n\t\t\t\t\t<div class=\"elementor-column elementor-col-100 elementor-top-column elementor-element elementor-element-e25c24f\" data-id=\"e25c24f\" data-element_type=\"column\" data-e-type=\"column\">\n\t\t\t<div class=\"elementor-widget-wrap elementor-element-populated\">\n\t\t\t\t\t\t<section class=\"elementor-section elementor-inner-section elementor-element elementor-element-b93ded3 elementor-section-boxed elementor-section-height-default elementor-section-height-default\" data-id=\"b93ded3\" data-element_type=\"section\" data-e-type=\"section\">\n\t\t\t\t\t\t<div class=\"elementor-container elementor-column-gap-default\">\n\t\t\t\t\t<div class=\"elementor-column elementor-col-50 elementor-inner-column elementor-element elementor-element-a186dbf\" data-id=\"a186dbf\" data-element_type=\"column\" data-e-type=\"column\">\n\t\t\t<div class=\"elementor-widget-wrap elementor-element-populated\">\n\t\t\t\t\t\t<div class=\"elementor-element elementor-element-c30883b elementor-widget elementor-widget-text-editor\" data-id=\"c30883b\" data-element_type=\"widget\" data-e-type=\"widget\" data-widget_type=\"text-editor.default\">\n\t\t\t\t<div class=\"elementor-widget-container\">\n\t\t\t\t\t\t\t\t\t<a href=\"https:\/\/bilgem.tubitak.gov.tr\/sge\/\">SGE Home<\/a>\u00a0 \u00a0\/\u00a0 \u00a0<a href=\"\/en\/sge-collaborations\/\">SGE Collaborations<\/a>\t\t\t\t\t\t\t\t<\/div>\n\t\t\t\t<\/div>\n\t\t\t\t<div class=\"elementor-element elementor-element-3ef272b uael-heading-align-left animated-slow elementor-invisible elementor-widget elementor-widget-uael-advanced-heading\" data-id=\"3ef272b\" data-element_type=\"widget\" data-e-type=\"widget\" data-settings=\"{&quot;_animation&quot;:&quot;fadeInUp&quot;}\" data-widget_type=\"uael-advanced-heading.default\">\n\t\t\t\t<div class=\"elementor-widget-container\">\n\t\t\t\t\t\n\t\t<div class=\"uael-module-content uael-heading-wrapper\">\n\t\t\t\t\t\t<div class=\"uael-module-content uael-separator-parent\">\n\t\t\t\t\t\t\t\t<div class=\"uael-separator-wrap\">\n\t\t\t\t\t<div class=\"uael-separator-line uael-side-left\">\n\t\t\t\t\t\t<span><\/span>\n\t\t\t\t\t<\/div>\n\t\t\t\t\t<div class=\"uael-divider-content\">\n\t\t\t\t\t\t\t\t\t\t\t\t<h3 class=\"uael-divider-text elementor-inline-editing\" data-elementor-setting-key=\"heading_line_text\" data-elementor-inline-editing-toolbar=\"basic\">SGE<\/h3>\n\t\t\t\t\t<\/div>\n\t\t\t\t\t<div class=\"uael-separator-line uael-side-right\">\n\t\t\t\t\t\t<span><\/span>\n\t\t\t\t\t<\/div>\n\t\t\t\t<\/div>\n\t\t\t\t\t\t\t\t\t\t<\/div>\n\t\t\t\t\t\t\n\t\t\t<h1 class=\"uael-heading\">\n\t\t\t\t\t\t\t\t\t\t<span class=\"uael-heading-text elementor-inline-editing uael-size--default\" data-elementor-setting-key=\"heading_title\" data-elementor-inline-editing-toolbar=\"basic\">Collaborations<\/span>\n\t\t\t\t\t\t\t<\/h1>\n\n\t\t\t\n\t\t\t\n\t\t\t\n\t\t\t\t\t\t<\/div>\n\t\t\t\t\t\t<\/div>\n\t\t\t\t<\/div>\n\t\t\t\t<div class=\"elementor-element elementor-element-c2b2dc7 elementor-invisible elementor-widget elementor-widget-text-editor\" data-id=\"c2b2dc7\" data-element_type=\"widget\" data-e-type=\"widget\" data-settings=\"{&quot;_animation&quot;:&quot;fadeIn&quot;}\" data-widget_type=\"text-editor.default\">\n\t\t\t\t<div class=\"elementor-widget-container\">\n\t\t\t\t\t\t\t\t\tNational and International Cooperations \t\t\t\t\t\t\t\t<\/div>\n\t\t\t\t<\/div>\n\t\t\t\t\t<\/div>\n\t\t<\/div>\n\t\t\t\t<div class=\"elementor-column elementor-col-50 elementor-inner-column elementor-element elementor-element-825ff6f elementor-hidden-tablet elementor-hidden-mobile\" data-id=\"825ff6f\" data-element_type=\"column\" data-e-type=\"column\">\n\t\t\t<div class=\"elementor-widget-wrap\">\n\t\t\t\t\t\t\t<\/div>\n\t\t<\/div>\n\t\t\t\t\t<\/div>\n\t\t<\/section>\n\t\t\t\t\t<\/div>\n\t\t<\/div>\n\t\t\t\t\t<\/div>\n\t\t<\/section>\n\t\t\t\t<section class=\"elementor-section elementor-top-section elementor-element elementor-element-6922ed0 elementor-section-boxed elementor-section-height-default elementor-section-height-default\" data-id=\"6922ed0\" data-element_type=\"section\" data-e-type=\"section\">\n\t\t\t\t\t\t<div class=\"elementor-container elementor-column-gap-default\">\n\t\t\t\t\t<div class=\"elementor-column elementor-col-100 elementor-top-column elementor-element elementor-element-69500a0\" data-id=\"69500a0\" data-element_type=\"column\" data-e-type=\"column\">\n\t\t\t<div class=\"elementor-widget-wrap elementor-element-populated\">\n\t\t\t\t\t\t<section class=\"elementor-section elementor-inner-section elementor-element elementor-element-4ddf389 elementor-section-full_width elementor-section-height-min-height elementor-section-height-default\" data-id=\"4ddf389\" data-element_type=\"section\" data-e-type=\"section\" data-settings=\"{&quot;background_background&quot;:&quot;classic&quot;}\">\n\t\t\t\t\t\t\t<div class=\"elementor-background-overlay\"><\/div>\n\t\t\t\t\t\t\t<div class=\"elementor-container elementor-column-gap-no\">\n\t\t\t\t\t<div class=\"elementor-column elementor-col-100 elementor-inner-column elementor-element elementor-element-2820321\" data-id=\"2820321\" data-element_type=\"column\" data-e-type=\"column\">\n\t\t\t<div class=\"elementor-widget-wrap elementor-element-populated\">\n\t\t\t\t\t\t<div class=\"elementor-element elementor-element-3cb0aeb elementor-widget elementor-widget-menu-anchor\" data-id=\"3cb0aeb\" data-element_type=\"widget\" data-e-type=\"widget\" data-widget_type=\"menu-anchor.default\">\n\t\t\t\t<div class=\"elementor-widget-container\">\n\t\t\t\t\t\t\t<div class=\"elementor-menu-anchor\" id=\"iot\"><\/div>\n\t\t\t\t\t\t<\/div>\n\t\t\t\t<\/div>\n\t\t\t\t<div class=\"elementor-element elementor-element-13ff7c0 elementor-widget elementor-widget-heading\" data-id=\"13ff7c0\" data-element_type=\"widget\" data-e-type=\"widget\" data-widget_type=\"heading.default\">\n\t\t\t\t<div class=\"elementor-widget-container\">\n\t\t\t\t\t<h2 class=\"elementor-heading-title elementor-size-default\">NATO CCDCOE Permanent Representation<\/h2>\t\t\t\t<\/div>\n\t\t\t\t<\/div>\n\t\t\t\t<div class=\"elementor-element elementor-element-9802516 elementor-widget elementor-widget-text-editor\" data-id=\"9802516\" data-element_type=\"widget\" data-e-type=\"widget\" data-widget_type=\"text-editor.default\">\n\t\t\t\t<div class=\"elementor-widget-container\">\n\t\t\t\t\t\t\t\t\t<p class=\"translation-block\">NATO Joint Cyber Defense Center of Excellence (CCDCOE) is an international military center established on 14 May 2008 in Tallinn, Estonia, with the aim of increasing NATO's cyber defense capacity. The Center, which is currently sponsored by 28 NATO countries and our country is a member of, carries out a wide range of activities in cyber security, both technical and legal and related to international relations. Among the prominent projects of NATO CCDCOE, The Tallinn Manual on the International Law Applicable to Cyber Warfare study, the annual International Conference on Cyber Conflict (CyCon) and Locked Shields International Cyber Defense Exercise can be given as examples.<\/p><p>TUBITAK Cyber Security Institute, which has been in close relations with the center since its establishment, has taken this support to the center one step further by assigning permanent personnel in the status of national volunteer (VNC). T\u00dcB\u0130TAK SGE, who has been working as a point of communication in the relations of our country and the General Staff with the center, has started to carry out joint studies with the center on technical issues that fall within the field of expertise such as cyber defense exercises. It is aimed to increase these collaborations in the following term.<\/p><p>For detailed information about NATO CCDCOE's work, you can visit\u00a0<strong><a href=\"http:\/\/www.ccdcoe.org\/\" target=\"_blank\" rel=\"noopener\">www.ccdcoe.org<\/a><\/strong>\u00a0<span><\/span>\u00a0<\/p>\t\t\t\t\t\t\t\t<\/div>\n\t\t\t\t<\/div>\n\t\t\t\t\t<\/div>\n\t\t<\/div>\n\t\t\t\t\t<\/div>\n\t\t<\/section>\n\t\t\t\t<section class=\"elementor-section elementor-inner-section elementor-element elementor-element-81b50d0 elementor-section-full_width elementor-section-height-min-height elementor-section-height-default\" data-id=\"81b50d0\" data-element_type=\"section\" data-e-type=\"section\" data-settings=\"{&quot;background_background&quot;:&quot;classic&quot;}\">\n\t\t\t\t\t\t\t<div class=\"elementor-background-overlay\"><\/div>\n\t\t\t\t\t\t\t<div class=\"elementor-container elementor-column-gap-no\">\n\t\t\t\t\t<div class=\"elementor-column elementor-col-100 elementor-inner-column elementor-element elementor-element-4453ab0\" data-id=\"4453ab0\" data-element_type=\"column\" data-e-type=\"column\">\n\t\t\t<div class=\"elementor-widget-wrap elementor-element-populated\">\n\t\t\t\t\t\t<div class=\"elementor-element elementor-element-3b716ff elementor-widget elementor-widget-menu-anchor\" data-id=\"3b716ff\" data-element_type=\"widget\" data-e-type=\"widget\" data-widget_type=\"menu-anchor.default\">\n\t\t\t\t<div class=\"elementor-widget-container\">\n\t\t\t\t\t\t\t<div class=\"elementor-menu-anchor\" id=\"iot\"><\/div>\n\t\t\t\t\t\t<\/div>\n\t\t\t\t<\/div>\n\t\t\t\t<div class=\"elementor-element elementor-element-cde65b6 elementor-widget elementor-widget-heading\" data-id=\"cde65b6\" data-element_type=\"widget\" data-e-type=\"widget\" data-widget_type=\"heading.default\">\n\t\t\t\t<div class=\"elementor-widget-container\">\n\t\t\t\t\t<h2 class=\"elementor-heading-title elementor-size-default\">NATO MISP Membership<\/h2>\t\t\t\t<\/div>\n\t\t\t\t<\/div>\n\t\t\t\t<div class=\"elementor-element elementor-element-370b778 elementor-widget elementor-widget-text-editor\" data-id=\"370b778\" data-element_type=\"widget\" data-e-type=\"widget\" data-widget_type=\"text-editor.default\">\n\t\t\t\t<div class=\"elementor-widget-container\">\n\t\t\t\t\t\t\t\t\t<p>NATO MISP (Malware Information Sharing Platform) is a community created by members who have knowledge about malware. MISP, which is a partnership based on information sharing of members through a web -based platform, aims to share the technical specifications of malware in a reliable community. MISP aims to accelerate the detection of malware through this information sharing, to develop defense methods, especially for examples that are not recognized by antiviruses, and to reveal the methods required to cope with targeted attacks. With the contributions of the members, a large pool has been created that can be searched and enabled multi -faceted information sharing. The Cyber Security Institute makes an active contribution to the NATO MISP community in line with the objectives of detecting, monitoring the activities and taking the necessary measures, especially threatening our country.<\/p>\t\t\t\t\t\t\t\t<\/div>\n\t\t\t\t<\/div>\n\t\t\t\t\t<\/div>\n\t\t<\/div>\n\t\t\t\t\t<\/div>\n\t\t<\/section>\n\t\t\t\t<section class=\"elementor-section elementor-inner-section elementor-element elementor-element-449b01b elementor-section-full_width elementor-section-height-min-height elementor-section-height-default\" data-id=\"449b01b\" data-element_type=\"section\" data-e-type=\"section\" data-settings=\"{&quot;background_background&quot;:&quot;classic&quot;}\">\n\t\t\t\t\t\t\t<div class=\"elementor-background-overlay\"><\/div>\n\t\t\t\t\t\t\t<div class=\"elementor-container elementor-column-gap-no\">\n\t\t\t\t\t<div class=\"elementor-column elementor-col-100 elementor-inner-column elementor-element elementor-element-fd63afe\" data-id=\"fd63afe\" data-element_type=\"column\" data-e-type=\"column\">\n\t\t\t<div class=\"elementor-widget-wrap elementor-element-populated\">\n\t\t\t\t\t\t<div class=\"elementor-element elementor-element-fb95a68 elementor-widget elementor-widget-menu-anchor\" data-id=\"fb95a68\" data-element_type=\"widget\" data-e-type=\"widget\" data-widget_type=\"menu-anchor.default\">\n\t\t\t\t<div class=\"elementor-widget-container\">\n\t\t\t\t\t\t\t<div class=\"elementor-menu-anchor\" id=\"iot\"><\/div>\n\t\t\t\t\t\t<\/div>\n\t\t\t\t<\/div>\n\t\t\t\t<div class=\"elementor-element elementor-element-6a5ffcd elementor-widget elementor-widget-heading\" data-id=\"6a5ffcd\" data-element_type=\"widget\" data-e-type=\"widget\" data-widget_type=\"heading.default\">\n\t\t\t\t<div class=\"elementor-widget-container\">\n\t\t\t\t\t<h2 class=\"elementor-heading-title elementor-size-default\">Participation in NATO Working Groups<\/h2>\t\t\t\t<\/div>\n\t\t\t\t<\/div>\n\t\t\t\t<div class=\"elementor-element elementor-element-3b45a75 elementor-widget elementor-widget-text-editor\" data-id=\"3b45a75\" data-element_type=\"widget\" data-e-type=\"widget\" data-widget_type=\"text-editor.default\">\n\t\t\t\t<div class=\"elementor-widget-container\">\n\t\t\t\t\t\t\t\t\t<p>Cyber Security Institute (SGE) participates in working groups and panels operating within NATO with experts from different countries in order to represent our country at meetings, exercises and projects, to master current issues in the field of cyber security, to be informed about technological developments, to introduce and present our capabilities, projects and products.<\/p><p>SGE, together with the Turkish Armed Forces, has been participating in both the organization and implementation phases of NATO Cyber Coalition exercises since 2010, representing our country.\u00a0<\/p><p>An active role is assumed in the Common Criteria Capability Team and Cyber Defense Capability Team working groups operating under the NATO Information Assurance and Cyber Defense Capability Panel upper working panel.\u00a0<\/p><p>It participates in the NATO Science for Peace and Security - SPS Program studies that support R&amp;D projects aimed at peace and security between NATO member and NATO partner countries, and Modeling and Simulation Support for Cyber Defense studies that operate under the upper roof of NATO Modeling and Simulation Group Dec\u2013 NMSG within the scope of cyber security simulation studies. Dec-NMSG is a member of the NATO Science for Peace and Security - SPS Program.<\/p><p>The Cyber Security Institute is included in the upper working group of NATO Information Systems &amp; Technology - IST Business Panel to represent the industry on behalf of our country.<\/p>\t\t\t\t\t\t\t\t<\/div>\n\t\t\t\t<\/div>\n\t\t\t\t\t<\/div>\n\t\t<\/div>\n\t\t\t\t\t<\/div>\n\t\t<\/section>\n\t\t\t\t<section class=\"elementor-section elementor-inner-section elementor-element elementor-element-082949c elementor-section-full_width elementor-section-height-min-height elementor-section-height-default\" data-id=\"082949c\" data-element_type=\"section\" data-e-type=\"section\" data-settings=\"{&quot;background_background&quot;:&quot;classic&quot;}\">\n\t\t\t\t\t\t\t<div class=\"elementor-background-overlay\"><\/div>\n\t\t\t\t\t\t\t<div class=\"elementor-container elementor-column-gap-no\">\n\t\t\t\t\t<div class=\"elementor-column elementor-col-100 elementor-inner-column elementor-element elementor-element-ea37676\" data-id=\"ea37676\" data-element_type=\"column\" data-e-type=\"column\">\n\t\t\t<div class=\"elementor-widget-wrap elementor-element-populated\">\n\t\t\t\t\t\t<div class=\"elementor-element elementor-element-71284f2 elementor-widget elementor-widget-menu-anchor\" data-id=\"71284f2\" data-element_type=\"widget\" data-e-type=\"widget\" data-widget_type=\"menu-anchor.default\">\n\t\t\t\t<div class=\"elementor-widget-container\">\n\t\t\t\t\t\t\t<div class=\"elementor-menu-anchor\" id=\"iot\"><\/div>\n\t\t\t\t\t\t<\/div>\n\t\t\t\t<\/div>\n\t\t\t\t<div class=\"elementor-element elementor-element-797763c elementor-widget elementor-widget-heading\" data-id=\"797763c\" data-element_type=\"widget\" data-e-type=\"widget\" data-widget_type=\"heading.default\">\n\t\t\t\t<div class=\"elementor-widget-container\">\n\t\t\t\t\t<h2 class=\"elementor-heading-title elementor-size-default\">Cooperation with Private Sector\n<\/h2>\t\t\t\t<\/div>\n\t\t\t\t<\/div>\n\t\t\t\t<div class=\"elementor-element elementor-element-612366d elementor-widget elementor-widget-text-editor\" data-id=\"612366d\" data-element_type=\"widget\" data-e-type=\"widget\" data-widget_type=\"text-editor.default\">\n\t\t\t\t<div class=\"elementor-widget-container\">\n\t\t\t\t\t\t\t\t\t<p>One of the basic strategies of T\u00dcB\u0130TAK Bilgem Cyber Security Institute is that it enables the development of the private sector while increasing its knowledge on R &amp; D issues. In this parallel, it carries out studies to present the business models that may be appropriate by introducing the capabilities to the private sector. In the studies, the opportunities and experiences of the Technology Transfer Office within T\u00dcB\u0130TAK B\u0130LGEM are used.<\/p><p>The dynamism of the private sector is seen as an important power, especially during the transformation of R&amp;D projects into products. It is thought that transferring the outputs to the private sector at certain stages of the projects will allow the developed technologies to be further disseminated.<\/p><p>Information sharing in the field of cyber security is an important factor in making existing systems more effective. For this purpose, it is important to share data such as cyber threat factors, attack signatures, and malware databases with the private sector, and to evaluate the information obtained by the private sector by SGE. Confidentiality agreements and protocols that allow mutual information sharing are signed for this purpose.<\/p><p>Studies that can be carried out jointly with the private sector can be summarized as follows:<\/p><ul><li>Presenting joint project proposals to institutions distributing R&amp;D funds<\/li><li>To include domestic products in cyber security projects carried out specifically for institutions<\/li><li>Using private sector opportunities in cyber security projects, especially in business items such as support and integration<\/li><li>Making agreements on the dissemination of R&amp;D technologies developed by SGE.<\/li><li>Supporting the private sector in projects that are carried out by the private sector and contain R&amp;D elements<\/li><li>Mutually sharing data (malware information, attack signatures and methods, etc.) that are important in the field of cyber security<\/li><\/ul>\t\t\t\t\t\t\t\t<\/div>\n\t\t\t\t<\/div>\n\t\t\t\t\t<\/div>\n\t\t<\/div>\n\t\t\t\t\t<\/div>\n\t\t<\/section>\n\t\t\t\t\t<\/div>\n\t\t<\/div>\n\t\t\t\t\t<\/div>\n\t\t<\/section>\n\t\t\t\t<\/div>","protected":false},"excerpt":{"rendered":"<p>SGE Ana Sayfa\u00a0 \u00a0\/\u00a0 \u00a0SGE \u0130\u015f Birlikleri SGE \u0130\u015f Birlikleri Ulusal ve uluslararas\u0131 i\u015f birlikleri NATO CCDCOE Daimi Temsilcili\u011fi NATO [&hellip;]<\/p>\n","protected":false},"author":8,"featured_media":0,"parent":0,"menu_order":0,"comment_status":"closed","ping_status":"open","template":"elementor_header_footer","meta":{"_acf_changed":false,"site-sidebar-layout":"no-sidebar","site-content-layout":"page-builder","ast-site-content-layout":"default","site-content-style":"default","site-sidebar-style":"default","ast-global-header-display":"","ast-banner-title-visibility":"","ast-main-header-display":"","ast-hfb-above-header-display":"","ast-hfb-below-header-display":"","ast-hfb-mobile-header-display":"","site-post-title":"disabled","ast-breadcrumbs-content":"","ast-featured-img":"disabled","footer-sml-layout":"","ast-disable-related-posts":"","theme-transparent-header-meta":"default","adv-header-id-meta":"","stick-header-meta":"default","header-above-stick-meta":"","header-main-stick-meta":"","header-below-stick-meta":"","astra-migrate-meta-layouts":"default","ast-page-background-enabled":"default","ast-page-background-meta":{"desktop":{"background-color":"var(--ast-global-color-4)","background-image":"","background-repeat":"repeat","background-position":"center center","background-size":"auto","background-attachment":"scroll","background-type":"","background-media":"","overlay-type":"","overlay-color":"","overlay-opacity":"","overlay-gradient":""},"tablet":{"background-color":"","background-image":"","background-repeat":"repeat","background-position":"center center","background-size":"auto","background-attachment":"scroll","background-type":"","background-media":"","overlay-type":"","overlay-color":"","overlay-opacity":"","overlay-gradient":""},"mobile":{"background-color":"","background-image":"","background-repeat":"repeat","background-position":"center center","background-size":"auto","background-attachment":"scroll","background-type":"","background-media":"","overlay-type":"","overlay-color":"","overlay-opacity":"","overlay-gradient":""}},"ast-content-background-meta":{"desktop":{"background-color":"var(--ast-global-color-5)","background-image":"","background-repeat":"repeat","background-position":"center center","background-size":"auto","background-attachment":"scroll","background-type":"","background-media":"","overlay-type":"","overlay-color":"","overlay-opacity":"","overlay-gradient":""},"tablet":{"background-color":"var(--ast-global-color-5)","background-image":"","background-repeat":"repeat","background-position":"center center","background-size":"auto","background-attachment":"scroll","background-type":"","background-media":"","overlay-type":"","overlay-color":"","overlay-opacity":"","overlay-gradient":""},"mobile":{"background-color":"var(--ast-global-color-5)","background-image":"","background-repeat":"repeat","background-position":"center center","background-size":"auto","background-attachment":"scroll","background-type":"","background-media":"","overlay-type":"","overlay-color":"","overlay-opacity":"","overlay-gradient":""}},"footnotes":""},"class_list":["post-19722","page","type-page","status-publish","hentry"],"acf":[],"_links":{"self":[{"href":"https:\/\/en.bilgem.tubitak.gov.tr\/en\/wp-json\/wp\/v2\/pages\/19722","targetHints":{"allow":["GET"]}}],"collection":[{"href":"https:\/\/en.bilgem.tubitak.gov.tr\/en\/wp-json\/wp\/v2\/pages"}],"about":[{"href":"https:\/\/en.bilgem.tubitak.gov.tr\/en\/wp-json\/wp\/v2\/types\/page"}],"author":[{"embeddable":true,"href":"https:\/\/en.bilgem.tubitak.gov.tr\/en\/wp-json\/wp\/v2\/users\/8"}],"replies":[{"embeddable":true,"href":"https:\/\/en.bilgem.tubitak.gov.tr\/en\/wp-json\/wp\/v2\/comments?post=19722"}],"version-history":[{"count":1,"href":"https:\/\/en.bilgem.tubitak.gov.tr\/en\/wp-json\/wp\/v2\/pages\/19722\/revisions"}],"predecessor-version":[{"id":112790,"href":"https:\/\/en.bilgem.tubitak.gov.tr\/en\/wp-json\/wp\/v2\/pages\/19722\/revisions\/112790"}],"wp:attachment":[{"href":"https:\/\/en.bilgem.tubitak.gov.tr\/en\/wp-json\/wp\/v2\/media?parent=19722"}],"curies":[{"name":"wp","href":"https:\/\/api.w.org\/{rel}","templated":true}]}}