{"id":10166,"date":"2022-07-27T08:04:31","date_gmt":"2022-07-27T05:04:31","guid":{"rendered":"http:\/\/bilgem.tubitak.gov.tr\/?page_id=10166"},"modified":"2024-09-25T09:21:27","modified_gmt":"2024-09-25T06:21:27","slug":"policies","status":"publish","type":"page","link":"https:\/\/en.bilgem.tubitak.gov.tr\/en\/politikalar\/","title":{"rendered":"Policies"},"content":{"rendered":"<div data-elementor-type=\"wp-page\" data-elementor-id=\"10166\" class=\"elementor elementor-10166\" data-elementor-post-type=\"page\">\n\t\t\t\t\t\t<section class=\"elementor-section elementor-top-section elementor-element elementor-element-bc2fee8 elementor-section-full_width elementor-section-height-min-height tbw-hero elementor-section-height-default elementor-section-items-middle\" data-id=\"bc2fee8\" data-element_type=\"section\" data-e-type=\"section\" data-settings=\"{&quot;background_background&quot;:&quot;classic&quot;}\">\n\t\t\t\t\t\t\t<div class=\"elementor-background-overlay\"><\/div>\n\t\t\t\t\t\t\t<div class=\"elementor-container elementor-column-gap-default\">\n\t\t\t\t\t<div class=\"elementor-column elementor-col-100 elementor-top-column elementor-element elementor-element-c58e134\" data-id=\"c58e134\" data-element_type=\"column\" data-e-type=\"column\">\n\t\t\t<div class=\"elementor-widget-wrap elementor-element-populated\">\n\t\t\t\t\t\t<section class=\"elementor-section elementor-inner-section elementor-element elementor-element-7c966c0 elementor-section-boxed elementor-section-height-default elementor-section-height-default\" data-id=\"7c966c0\" data-element_type=\"section\" data-e-type=\"section\">\n\t\t\t\t\t\t<div class=\"elementor-container elementor-column-gap-default\">\n\t\t\t\t\t<div class=\"elementor-column elementor-col-50 elementor-inner-column elementor-element elementor-element-af1ad82\" data-id=\"af1ad82\" data-element_type=\"column\" data-e-type=\"column\">\n\t\t\t<div class=\"elementor-widget-wrap elementor-element-populated\">\n\t\t\t\t\t\t<div class=\"elementor-element elementor-element-a67022e elementor-widget elementor-widget-text-editor\" data-id=\"a67022e\" data-element_type=\"widget\" data-e-type=\"widget\" data-widget_type=\"text-editor.default\">\n\t\t\t\t<div class=\"elementor-widget-container\">\n\t\t\t\t\t\t\t\t\t<a href=\"\/en\/\">Home<\/a>\u00a0 \u00a0\/\u00a0 \u00a0<a href=\"\/en\/institutional\/\">Corporate<\/a>\u00a0 \/\u00a0 <a href=\"\/en\/policies\/\">Policies<\/a> \t\t\t\t\t\t\t\t<\/div>\n\t\t\t\t<\/div>\n\t\t\t\t<div class=\"elementor-element elementor-element-070ea81 uael-heading-align-left animated-slow elementor-invisible elementor-widget elementor-widget-uael-advanced-heading\" data-id=\"070ea81\" data-element_type=\"widget\" data-e-type=\"widget\" data-settings=\"{&quot;_animation&quot;:&quot;fadeInUp&quot;}\" data-widget_type=\"uael-advanced-heading.default\">\n\t\t\t\t<div class=\"elementor-widget-container\">\n\t\t\t\t\t\n\t\t<div class=\"uael-module-content uael-heading-wrapper\">\n\t\t\t\t\t\t<div class=\"uael-module-content uael-separator-parent\">\n\t\t\t\t\t\t\t\t<div class=\"uael-separator-wrap\">\n\t\t\t\t\t<div class=\"uael-separator-line uael-side-left\">\n\t\t\t\t\t\t<span><\/span>\n\t\t\t\t\t<\/div>\n\t\t\t\t\t<div class=\"uael-divider-content\">\n\t\t\t\t\t\t\t\t\t\t\t\t<h3 class=\"uael-divider-text elementor-inline-editing\" data-elementor-setting-key=\"heading_line_text\" data-elementor-inline-editing-toolbar=\"basic\">CORPORATE<\/h3>\n\t\t\t\t\t<\/div>\n\t\t\t\t\t<div class=\"uael-separator-line uael-side-right\">\n\t\t\t\t\t\t<span><\/span>\n\t\t\t\t\t<\/div>\n\t\t\t\t<\/div>\n\t\t\t\t\t\t\t\t\t\t<\/div>\n\t\t\t\t\t\t\n\t\t\t<h1 class=\"uael-heading\">\n\t\t\t\t\t\t\t\t\t\t<span class=\"uael-heading-text elementor-inline-editing uael-size--default\" data-elementor-setting-key=\"heading_title\" data-elementor-inline-editing-toolbar=\"basic\">Policies<\/span>\n\t\t\t\t\t\t\t<\/h1>\n\n\t\t\t\n\t\t\t\n\t\t\t\n\t\t\t\t\t\t<\/div>\n\t\t\t\t\t\t<\/div>\n\t\t\t\t<\/div>\n\t\t\t\t<div class=\"elementor-element elementor-element-a21284c elementor-invisible elementor-widget elementor-widget-text-editor\" data-id=\"a21284c\" data-element_type=\"widget\" data-e-type=\"widget\" data-settings=\"{&quot;_animation&quot;:&quot;fadeIn&quot;}\" data-widget_type=\"text-editor.default\">\n\t\t\t\t<div class=\"elementor-widget-container\">\n\t\t\t\t\t\t\t\t\tT\u00dcB\u0130TAK B\u0130LGEM, in line with its vision, mission, and core values, implements Quality, Corporate Risk Management, and Information Security policies in the fields of information technology, information security, and advanced electronics, utilizing the knowledge and experience it has gained. Within this framework, it continually strives for excellence through ongoing improvements. \t\t\t\t\t\t\t\t<\/div>\n\t\t\t\t<\/div>\n\t\t\t\t\t<\/div>\n\t\t<\/div>\n\t\t\t\t<div class=\"elementor-column elementor-col-50 elementor-inner-column elementor-element elementor-element-1157592 elementor-hidden-tablet elementor-hidden-mobile\" data-id=\"1157592\" data-element_type=\"column\" data-e-type=\"column\">\n\t\t\t<div class=\"elementor-widget-wrap\">\n\t\t\t\t\t\t\t<\/div>\n\t\t<\/div>\n\t\t\t\t\t<\/div>\n\t\t<\/section>\n\t\t\t\t\t<\/div>\n\t\t<\/div>\n\t\t\t\t\t<\/div>\n\t\t<\/section>\n\t\t\t\t<section class=\"elementor-section elementor-top-section elementor-element elementor-element-e5c681d elementor-section-boxed elementor-section-height-default elementor-section-height-default\" data-id=\"e5c681d\" data-element_type=\"section\" data-e-type=\"section\" data-settings=\"{&quot;background_background&quot;:&quot;classic&quot;}\">\n\t\t\t\t\t\t<div class=\"elementor-container elementor-column-gap-default\">\n\t\t\t\t\t<div class=\"elementor-column elementor-col-100 elementor-top-column elementor-element elementor-element-7077277\" data-id=\"7077277\" data-element_type=\"column\" data-e-type=\"column\">\n\t\t\t<div class=\"elementor-widget-wrap elementor-element-populated\">\n\t\t\t\t\t\t<section class=\"elementor-section elementor-inner-section elementor-element elementor-element-ac0fdaf elementor-section-boxed elementor-section-height-default elementor-section-height-default\" data-id=\"ac0fdaf\" data-element_type=\"section\" data-e-type=\"section\">\n\t\t\t\t\t\t<div class=\"elementor-container elementor-column-gap-default\">\n\t\t\t\t\t<div class=\"elementor-column elementor-col-100 elementor-inner-column elementor-element elementor-element-52da3d7\" data-id=\"52da3d7\" data-element_type=\"column\" data-e-type=\"column\" data-settings=\"{&quot;background_background&quot;:&quot;classic&quot;}\">\n\t\t\t<div class=\"elementor-widget-wrap elementor-element-populated\">\n\t\t\t\t\t\t<div class=\"elementor-element elementor-element-6bc67cd elementor-widget elementor-widget-heading\" data-id=\"6bc67cd\" data-element_type=\"widget\" data-e-type=\"widget\" data-widget_type=\"heading.default\">\n\t\t\t\t<div class=\"elementor-widget-container\">\n\t\t\t\t\t<h2 class=\"elementor-heading-title elementor-size-default\">B\u0130LGEM Quality Policy<\/h2>\t\t\t\t<\/div>\n\t\t\t\t<\/div>\n\t\t\t\t<div class=\"elementor-element elementor-element-0d541ba elementor-widget elementor-widget-text-editor\" data-id=\"0d541ba\" data-element_type=\"widget\" data-e-type=\"widget\" data-widget_type=\"text-editor.default\">\n\t\t\t\t<div class=\"elementor-widget-container\">\n\t\t\t\t\t\t\t\t\t<p><strong><em>In line with our Vision, Mission and Core Values;<\/em><\/strong><\/p><ul><li>To make B\u0130LGEM Quality Management System effective, efficient and sustainable, to continuously improve the performance of our processes by monitoring risks and opportunities, to create awareness of the quality management system,<\/li><li>To secure R&amp;D activities carried out to develop original, high value-added products and technologies for T\u00fcrkiye&#039;s technological independence,<\/li><li>To provide the technology, products and services that will best meet the needs of our stakeholders with the highest level of satisfaction through effective, versatile and strategic collaborations,<\/li><li>To maintain sufficient human resources with the necessary competencies and to support their continuous development in order to provide value-adding and guiding solutions to stakeholders.<\/li><\/ul>\t\t\t\t\t\t\t\t<\/div>\n\t\t\t\t<\/div>\n\t\t\t\t\t<\/div>\n\t\t<\/div>\n\t\t\t\t\t<\/div>\n\t\t<\/section>\n\t\t\t\t<section class=\"elementor-section elementor-inner-section elementor-element elementor-element-8000fa5 elementor-section-boxed elementor-section-height-default elementor-section-height-default\" data-id=\"8000fa5\" data-element_type=\"section\" data-e-type=\"section\">\n\t\t\t\t\t\t<div class=\"elementor-container elementor-column-gap-default\">\n\t\t\t\t\t<div class=\"elementor-column elementor-col-100 elementor-inner-column elementor-element elementor-element-d1540fb\" data-id=\"d1540fb\" data-element_type=\"column\" data-e-type=\"column\" data-settings=\"{&quot;background_background&quot;:&quot;classic&quot;}\">\n\t\t\t<div class=\"elementor-widget-wrap elementor-element-populated\">\n\t\t\t\t\t\t<div class=\"elementor-element elementor-element-7f4fe24 elementor-widget elementor-widget-heading\" data-id=\"7f4fe24\" data-element_type=\"widget\" data-e-type=\"widget\" data-widget_type=\"heading.default\">\n\t\t\t\t<div class=\"elementor-widget-container\">\n\t\t\t\t\t<h2 class=\"elementor-heading-title elementor-size-default\">B\u0130LGEM Corporate Risk Management Policy<\/h2>\t\t\t\t<\/div>\n\t\t\t\t<\/div>\n\t\t\t\t<div class=\"elementor-element elementor-element-3e634d2 elementor-widget elementor-widget-text-editor\" data-id=\"3e634d2\" data-element_type=\"widget\" data-e-type=\"widget\" data-widget_type=\"text-editor.default\">\n\t\t\t\t<div class=\"elementor-widget-container\">\n\t\t\t\t\t\t\t\t\t<p style=\"text-align: justify; vertical-align: baseline; margin: 0cm 0cm 21.0pt 0cm;\">B\u0130LGEM believes in the importance of risk management in order to create value with the technology, products and services it offers to its stakeholders, to increase stakeholder satisfaction, to achieve effective results by using its resources in the most efficient way and to ensure their sustainability. As an indicator of this, it considers Risk Management in all its managerial and operational activities.<\/p><p style=\"text-align: justify; vertical-align: baseline; margin: 0cm 0cm 21.0pt 0cm;\">In order to carry out its activities in a sustainable manner in line with its mission and to achieve its goals and objectives set out in its strategic plan, it identifies, grades, takes necessary measures, monitors and regularly reports corporate risks with an appropriate technology infrastructure and an effective systematic. It also continuously improves its risk management approach through reviews. It uses risk management models accepted in national and international practices for the integrated management of risks.<\/p><p style=\"text-align: justify; vertical-align: baseline; margin: 0cm 0cm 21.0pt 0cm;\">It is committed to ensuring that the necessary resources are available to fulfill the obligations and execute the actions related to risk management. It groups the risks it monitors under the following main categories: strategic risks, legal risks, financial risks, environmental risks, process risks, project risks, occupational health and safety risks and information security risks.<\/p>\t\t\t\t\t\t\t\t<\/div>\n\t\t\t\t<\/div>\n\t\t\t\t\t<\/div>\n\t\t<\/div>\n\t\t\t\t\t<\/div>\n\t\t<\/section>\n\t\t\t\t<section class=\"elementor-section elementor-inner-section elementor-element elementor-element-61ca0f6 elementor-hidden-desktop elementor-hidden-tablet elementor-hidden-mobile elementor-section-boxed elementor-section-height-default elementor-section-height-default\" data-id=\"61ca0f6\" data-element_type=\"section\" data-e-type=\"section\">\n\t\t\t\t\t\t<div class=\"elementor-container elementor-column-gap-default\">\n\t\t\t\t\t<div class=\"elementor-column elementor-col-100 elementor-inner-column elementor-element elementor-element-c45885c\" data-id=\"c45885c\" data-element_type=\"column\" data-e-type=\"column\" data-settings=\"{&quot;background_background&quot;:&quot;classic&quot;}\">\n\t\t\t<div class=\"elementor-widget-wrap elementor-element-populated\">\n\t\t\t\t\t\t<div class=\"elementor-element elementor-element-88b95e1 elementor-widget elementor-widget-heading\" data-id=\"88b95e1\" data-element_type=\"widget\" data-e-type=\"widget\" data-widget_type=\"heading.default\">\n\t\t\t\t<div class=\"elementor-widget-container\">\n\t\t\t\t\t<h2 class=\"elementor-heading-title elementor-size-default\">ISMS Risk Management Policy<\/h2>\t\t\t\t<\/div>\n\t\t\t\t<\/div>\n\t\t\t\t<div class=\"elementor-element elementor-element-a3dcb5d elementor-widget elementor-widget-text-editor\" data-id=\"a3dcb5d\" data-element_type=\"widget\" data-e-type=\"widget\" data-widget_type=\"text-editor.default\">\n\t\t\t\t<div class=\"elementor-widget-container\">\n\t\t\t\t\t\t\t\t\t<p>ISMS Risk Management Policy<\/p><p>B\u0130LGEM conducts research on informatics, information security and advanced electronic technologies, which are needed by the civil and military sectors, in order to contribute to Turkey&#039;s defense power. In this framework, B\u0130LGEM reveals and solves problems and ensures the implementation of these solutions. B\u0130LGEM is a research, development and application center that acts as a bridge between universities, public and private sectors, developing collaborations and contributing to the technological experience of these stakeholders.<\/p><p>B\u0130LGEM Presidency;<\/p><p>It believes in the importance of risk management and considers risk management in all management activities in order to create value with the technology, products and services it offers to its stakeholders, to increase stakeholder satisfaction, to use its resources effectively and efficiently, to ensure the sustainability of these and the confidentiality, integrity and accessibility of the information it processes, including personal data.<br \/>In order to fulfill the objectives and targets set within the scope of the Institutional Integrated Management System, it determines, monitors, processes, reports the results regularly, and reviews this policy periodically with the appropriate technology infrastructure and an effective measurement systematic.<br \/>It commits to the allocation of necessary resources to assist with the obligations and responsibilities associated with risk management.<\/p>\t\t\t\t\t\t\t\t<\/div>\n\t\t\t\t<\/div>\n\t\t\t\t\t<\/div>\n\t\t<\/div>\n\t\t\t\t\t<\/div>\n\t\t<\/section>\n\t\t\t\t<section class=\"elementor-section elementor-inner-section elementor-element elementor-element-8c2ec3b elementor-section-boxed elementor-section-height-default elementor-section-height-default\" data-id=\"8c2ec3b\" data-element_type=\"section\" data-e-type=\"section\">\n\t\t\t\t\t\t<div class=\"elementor-container elementor-column-gap-default\">\n\t\t\t\t\t<div class=\"elementor-column elementor-col-100 elementor-inner-column elementor-element elementor-element-14d2c7e\" data-id=\"14d2c7e\" data-element_type=\"column\" data-e-type=\"column\" data-settings=\"{&quot;background_background&quot;:&quot;classic&quot;}\">\n\t\t\t<div class=\"elementor-widget-wrap elementor-element-populated\">\n\t\t\t\t\t\t<div class=\"elementor-element elementor-element-4c9cb86 elementor-widget elementor-widget-heading\" data-id=\"4c9cb86\" data-element_type=\"widget\" data-e-type=\"widget\" data-widget_type=\"heading.default\">\n\t\t\t\t<div class=\"elementor-widget-container\">\n\t\t\t\t\t<h2 class=\"elementor-heading-title elementor-size-default\">B\u0130LGEM Information Security Policy<\/h2>\t\t\t\t<\/div>\n\t\t\t\t<\/div>\n\t\t\t\t<div class=\"elementor-element elementor-element-760a5e5 elementor-widget elementor-widget-text-editor\" data-id=\"760a5e5\" data-element_type=\"widget\" data-e-type=\"widget\" data-widget_type=\"text-editor.default\">\n\t\t\t\t<div class=\"elementor-widget-container\">\n\t\t\t\t\t\t\t\t\t<p>B\u0130LGEM Information Security Policy\nB\u0130LGEM conducts research in the fields of informatics, information security and advanced electronic technologies required by all sectors. Within this framework, B\u0130LGEM identifies and solves problems and ensures the implementation of these solutions. B\u0130LGEM is a research, development and application center that acts as a bridge between universities, public and private sectors, developing collaborations and contributing to the technological know-how of these stakeholders. Accordingly, within the framework of TS ISO\/IEC 27001 Information Security Management System (ISMS) standard, B\u0130LGEM undertakes the following issues in order to ensure the confidentiality, integrity and accessibility of information:<\/p><ul><li>Plans, implements and controls the ISMS by determining information security objectives and activities and ensures continuous improvement of the system.<\/li><li>Defines how the activities carried out meet the legislation, contract, standard and business requirements.<\/li><li>Defines how it meets the requirements of the Personal Data Protection Law (PDPL).<\/li><li>Carries out ISMS activities in an integrated manner with other management systems established within the organization.<\/li><li>Determines the duties, roles and responsibilities and necessary resources within the scope of ISMS.<\/li><li>Inventories information assets by determining confidentiality, integrity and accessibility criteria.<\/li><li>Identifies and assesses existing and potential risks and activates appropriate risk handling options to manage information security.<\/li><li>Makes business continuity plans, implements these plans and ensures continuous improvement of the process.<\/li><li>Develops solutions by following current technologies and innovations in information security.<\/li><li>Takes the necessary measures to ensure that all stakeholders comply with the issues determined in relation to information security.<\/li><li>Ensures that this policy is publicized, accessible, aware and implemented.<\/li><li>In case of violation of this policy, it initiates and follows the relevant processes.<\/li><\/ul>\t\t\t\t\t\t\t\t<\/div>\n\t\t\t\t<\/div>\n\t\t\t\t\t<\/div>\n\t\t<\/div>\n\t\t\t\t\t<\/div>\n\t\t<\/section>\n\t\t\t\t<div class=\"elementor-element elementor-element-606a5a2 elementor-widget elementor-widget-spacer\" data-id=\"606a5a2\" data-element_type=\"widget\" data-e-type=\"widget\" data-widget_type=\"spacer.default\">\n\t\t\t\t<div class=\"elementor-widget-container\">\n\t\t\t\t\t\t\t<div class=\"elementor-spacer\">\n\t\t\t<div class=\"elementor-spacer-inner\"><\/div>\n\t\t<\/div>\n\t\t\t\t\t\t<\/div>\n\t\t\t\t<\/div>\n\t\t\t\t<div class=\"elementor-element elementor-element-e3dba55 elementor-widget elementor-widget-spacer\" data-id=\"e3dba55\" data-element_type=\"widget\" data-e-type=\"widget\" data-widget_type=\"spacer.default\">\n\t\t\t\t<div class=\"elementor-widget-container\">\n\t\t\t\t\t\t\t<div class=\"elementor-spacer\">\n\t\t\t<div class=\"elementor-spacer-inner\"><\/div>\n\t\t<\/div>\n\t\t\t\t\t\t<\/div>\n\t\t\t\t<\/div>\n\t\t\t\t\t<\/div>\n\t\t<\/div>\n\t\t\t\t\t<\/div>\n\t\t<\/section>\n\t\t\t\t<\/div>","protected":false},"excerpt":{"rendered":"<p>Ana Sayfa\u00a0 \u00a0\/\u00a0 \u00a0Kurumsal\u00a0 \/\u00a0 Politikalar KURUMSAL Politikalar T\u00dcB\u0130TAK B\u0130LGEM, vizyonu, misyonu ve temel de\u011ferleri do\u011frultusunda bili\u015fim, bilgi g\u00fcvenli\u011fi ve [&hellip;]<\/p>\n","protected":false},"author":8,"featured_media":0,"parent":0,"menu_order":0,"comment_status":"closed","ping_status":"open","template":"elementor_header_footer","meta":{"_acf_changed":false,"site-sidebar-layout":"no-sidebar","site-content-layout":"page-builder","ast-site-content-layout":"default","site-content-style":"default","site-sidebar-style":"default","ast-global-header-display":"","ast-banner-title-visibility":"","ast-main-header-display":"","ast-hfb-above-header-display":"","ast-hfb-below-header-display":"","ast-hfb-mobile-header-display":"","site-post-title":"disabled","ast-breadcrumbs-content":"","ast-featured-img":"disabled","footer-sml-layout":"","ast-disable-related-posts":"","theme-transparent-header-meta":"default","adv-header-id-meta":"","stick-header-meta":"default","header-above-stick-meta":"","header-main-stick-meta":"","header-below-stick-meta":"","astra-migrate-meta-layouts":"default","ast-page-background-enabled":"default","ast-page-background-meta":{"desktop":{"background-color":"var(--ast-global-color-4)","background-image":"","background-repeat":"repeat","background-position":"center center","background-size":"auto","background-attachment":"scroll","background-type":"","background-media":"","overlay-type":"","overlay-color":"","overlay-opacity":"","overlay-gradient":""},"tablet":{"background-color":"","background-image":"","background-repeat":"repeat","background-position":"center center","background-size":"auto","background-attachment":"scroll","background-type":"","background-media":"","overlay-type":"","overlay-color":"","overlay-opacity":"","overlay-gradient":""},"mobile":{"background-color":"","background-image":"","background-repeat":"repeat","background-position":"center center","background-size":"auto","background-attachment":"scroll","background-type":"","background-media":"","overlay-type":"","overlay-color":"","overlay-opacity":"","overlay-gradient":""}},"ast-content-background-meta":{"desktop":{"background-color":"var(--ast-global-color-5)","background-image":"","background-repeat":"repeat","background-position":"center center","background-size":"auto","background-attachment":"scroll","background-type":"","background-media":"","overlay-type":"","overlay-color":"","overlay-opacity":"","overlay-gradient":""},"tablet":{"background-color":"var(--ast-global-color-5)","background-image":"","background-repeat":"repeat","background-position":"center center","background-size":"auto","background-attachment":"scroll","background-type":"","background-media":"","overlay-type":"","overlay-color":"","overlay-opacity":"","overlay-gradient":""},"mobile":{"background-color":"var(--ast-global-color-5)","background-image":"","background-repeat":"repeat","background-position":"center center","background-size":"auto","background-attachment":"scroll","background-type":"","background-media":"","overlay-type":"","overlay-color":"","overlay-opacity":"","overlay-gradient":""}},"footnotes":""},"class_list":["post-10166","page","type-page","status-publish","hentry"],"acf":[],"_links":{"self":[{"href":"https:\/\/en.bilgem.tubitak.gov.tr\/en\/wp-json\/wp\/v2\/pages\/10166","targetHints":{"allow":["GET"]}}],"collection":[{"href":"https:\/\/en.bilgem.tubitak.gov.tr\/en\/wp-json\/wp\/v2\/pages"}],"about":[{"href":"https:\/\/en.bilgem.tubitak.gov.tr\/en\/wp-json\/wp\/v2\/types\/page"}],"author":[{"embeddable":true,"href":"https:\/\/en.bilgem.tubitak.gov.tr\/en\/wp-json\/wp\/v2\/users\/8"}],"replies":[{"embeddable":true,"href":"https:\/\/en.bilgem.tubitak.gov.tr\/en\/wp-json\/wp\/v2\/comments?post=10166"}],"version-history":[{"count":52,"href":"https:\/\/en.bilgem.tubitak.gov.tr\/en\/wp-json\/wp\/v2\/pages\/10166\/revisions"}],"predecessor-version":[{"id":132905,"href":"https:\/\/en.bilgem.tubitak.gov.tr\/en\/wp-json\/wp\/v2\/pages\/10166\/revisions\/132905"}],"wp:attachment":[{"href":"https:\/\/en.bilgem.tubitak.gov.tr\/en\/wp-json\/wp\/v2\/media?parent=10166"}],"curies":[{"name":"wp","href":"https:\/\/api.w.org\/{rel}","templated":true}]}}